{"id":971,"date":"2017-10-01T21:04:59","date_gmt":"2017-10-01T18:04:59","guid":{"rendered":"https:\/\/www.kaasikkoolitus.eu\/web\/?page_id=971"},"modified":"2017-10-01T21:09:31","modified_gmt":"2017-10-01T18:09:31","slug":"kasulik-lugemine","status":"publish","type":"page","link":"https:\/\/www.kaasikkoolitus.eu\/web\/kasulik-lugemine\/","title":{"rendered":"Kasulik lugemine"},"content":{"rendered":"<div data-animation=\"rubberBand\" data-icons-animation=\"no-animation\" data-overlay=\"on\" data-change-size=\"\" data-button-size=\"0.7\" style=\"font-size:0.7em!important;display:none;\" class=\"supsystic-social-sharing supsystic-social-sharing-package-flat supsystic-social-sharing-hide-on-homepage supsystic-social-sharing-spacing supsystic-social-sharing-content supsystic-social-sharing-content-align-right\" data-text=\"\"><a data-networks=\"[]\" class=\"social-sharing-button sharer-flat sharer-flat-1 counter-standard without-counter facebook\" target=\"_blank\" title=\"Facebook\" href=\"http:\/\/www.facebook.com\/sharer.php?u=https%3A%2F%2Fwww.kaasikkoolitus.eu%2Fweb%2Fkasulik-lugemine%2F\" data-main-href=\"http:\/\/www.facebook.com\/sharer.php?u={url}\" data-nid=\"1\" data-name=\"\" data-pid=\"2\" data-post-id=\"971\" data-url=\"https:\/\/www.kaasikkoolitus.eu\/web\/wp-admin\/admin-ajax.php\" rel=\"nofollow\" data-mailto=\"\"><i class=\"fa-ssbs fa-ssbs-fw fa-ssbs-facebook\"><\/i><div class=\"counter-wrap standard\"><span class=\"counter\">1<\/span><\/div><\/a><a data-networks=\"[]\" class=\"social-sharing-button sharer-flat sharer-flat-1 counter-standard without-counter print\" target=\"_blank\" title=\"Print\" href=\"#\" data-main-href=\"#\" data-nid=\"14\" data-name=\"\" data-pid=\"2\" data-post-id=\"971\" data-url=\"https:\/\/www.kaasikkoolitus.eu\/web\/wp-admin\/admin-ajax.php\" rel=\"nofollow\" data-mailto=\"\"><i class=\"fa-ssbs fa-ssbs-fw fa-ssbs-print\"><\/i><div class=\"counter-wrap standard\"><span class=\"counter\">0<\/span><\/div><\/a><a data-networks=\"[]\" class=\"social-sharing-button sharer-flat sharer-flat-1 counter-standard without-counter mail\" target=\"_blank\" title=\"Mail\" href=\"#\" data-main-href=\"#\" data-nid=\"16\" data-name=\"\" data-pid=\"2\" data-post-id=\"971\" data-url=\"https:\/\/www.kaasikkoolitus.eu\/web\/wp-admin\/admin-ajax.php\" rel=\"nofollow\" data-mailto=\"\"><i class=\"fa-ssbs fa-ssbs-fw fa-ssbs-envelope-o\"><\/i><div class=\"counter-wrap standard\"><span class=\"counter\">0<\/span><\/div><\/a><\/div><p>T\u00f6\u00f6ohutuse alane lugemine:<\/p>\n<p><a href=\"https:\/\/www.kaasikkoolitus.eu\/web\/wp-content\/uploads\/2017\/10\/Artikkel_kui_hoolimatusest_ja_muhaklusest_saab_kiusamine.pdf\">Artikkel: Veronika Kruustik &#8220;Kui hoolimatusest ja m\u00fchaklusest saab kiusamine&#8221;<\/a><\/p>\n<p><a href=\"https:\/\/www.kaasikkoolitus.eu\/web\/wp-content\/uploads\/2017\/10\/Artikkel_Kuidas_korraldada_organisatsioonis_tootervishoidu.pdf\">Artikkel: Veronika Kruustik &#8220;Kuidas korraldada organisatsioonis t\u00f6\u00f6tervishoidu&#8221;<\/a><\/p>\n","protected":false},"excerpt":{"rendered":"<div data-animation=\"rubberBand\" data-icons-animation=\"no-animation\" data-overlay=\"on\" data-change-size=\"\" data-button-size=\"0.7\" style=\"font-size:0.7em!important;display:none;\" class=\"supsystic-social-sharing supsystic-social-sharing-package-flat supsystic-social-sharing-hide-on-homepage supsystic-social-sharing-spacing supsystic-social-sharing-content supsystic-social-sharing-content-align-right\" data-text=\"\"><a data-networks=\"[]\" class=\"social-sharing-button sharer-flat sharer-flat-1 counter-standard without-counter facebook\" target=\"_blank\" title=\"Facebook\" href=\"http:\/\/www.facebook.com\/sharer.php?u=https%3A%2F%2Fwww.kaasikkoolitus.eu%2Fweb%2Fkasulik-lugemine%2F\" data-main-href=\"http:\/\/www.facebook.com\/sharer.php?u={url}\" data-nid=\"1\" data-name=\"\" data-pid=\"2\" data-post-id=\"971\" data-url=\"https:\/\/www.kaasikkoolitus.eu\/web\/wp-admin\/admin-ajax.php\" rel=\"nofollow\" data-mailto=\"\"><i class=\"fa-ssbs fa-ssbs-fw fa-ssbs-facebook\"><\/i><div class=\"counter-wrap standard\"><span class=\"counter\">1<\/span><\/div><\/a><a data-networks=\"[]\" class=\"social-sharing-button sharer-flat sharer-flat-1 counter-standard without-counter print\" target=\"_blank\" title=\"Print\" href=\"#\" data-main-href=\"#\" data-nid=\"14\" data-name=\"\" data-pid=\"2\" data-post-id=\"971\" data-url=\"https:\/\/www.kaasikkoolitus.eu\/web\/wp-admin\/admin-ajax.php\" rel=\"nofollow\" data-mailto=\"\"><i class=\"fa-ssbs fa-ssbs-fw fa-ssbs-print\"><\/i><div class=\"counter-wrap standard\"><span class=\"counter\">0<\/span><\/div><\/a><a data-networks=\"[]\" class=\"social-sharing-button sharer-flat sharer-flat-1 counter-standard without-counter mail\" target=\"_blank\" title=\"Mail\" href=\"#\" data-main-href=\"#\" data-nid=\"16\" data-name=\"\" data-pid=\"2\" data-post-id=\"971\" data-url=\"https:\/\/www.kaasikkoolitus.eu\/web\/wp-admin\/admin-ajax.php\" rel=\"nofollow\" data-mailto=\"\"><i class=\"fa-ssbs fa-ssbs-fw fa-ssbs-envelope-o\"><\/i><div class=\"counter-wrap standard\"><span class=\"counter\">0<\/span><\/div><\/a><\/div><p>T\u00f6\u00f6ohutuse alane lugemine: Artikkel: Veronika Kruustik &#8220;Kui hoolimatusest ja m\u00fchaklusest saab kiusamine&#8221; Artikkel: Veronika Kruustik &#8220;Kuidas korraldada organisatsioonis t\u00f6\u00f6tervishoidu&#8221;<\/p>\n","protected":false},"author":1,"featured_media":0,"parent":0,"menu_order":0,"comment_status":"closed","ping_status":"closed","template":"","meta":{"om_disable_all_campaigns":false,"_monsterinsights_skip_tracking":false,"_monsterinsights_sitenote_active":false,"_monsterinsights_sitenote_note":"","_monsterinsights_sitenote_category":0,"jetpack_post_was_ever_published":false,"footnotes":""},"jetpack_sharing_enabled":true,"jetpack_shortlink":"https:\/\/wp.me\/P8vvDu-fF","jetpack-related-posts":[],"_links":{"self":[{"href":"https:\/\/www.kaasikkoolitus.eu\/web\/wp-json\/wp\/v2\/pages\/971"}],"collection":[{"href":"https:\/\/www.kaasikkoolitus.eu\/web\/wp-json\/wp\/v2\/pages"}],"about":[{"href":"https:\/\/www.kaasikkoolitus.eu\/web\/wp-json\/wp\/v2\/types\/page"}],"author":[{"embeddable":true,"href":"https:\/\/www.kaasikkoolitus.eu\/web\/wp-json\/wp\/v2\/users\/1"}],"replies":[{"embeddable":true,"href":"https:\/\/www.kaasikkoolitus.eu\/web\/wp-json\/wp\/v2\/comments?post=971"}],"version-history":[{"count":2,"href":"https:\/\/www.kaasikkoolitus.eu\/web\/wp-json\/wp\/v2\/pages\/971\/revisions"}],"predecessor-version":[{"id":978,"href":"https:\/\/www.kaasikkoolitus.eu\/web\/wp-json\/wp\/v2\/pages\/971\/revisions\/978"}],"wp:attachment":[{"href":"https:\/\/www.kaasikkoolitus.eu\/web\/wp-json\/wp\/v2\/media?parent=971"}],"curies":[{"name":"wp","href":"https:\/\/api.w.org\/{rel}","templated":true}]}}