{"id":5563,"date":"2025-10-23T19:35:36","date_gmt":"2025-10-23T16:35:36","guid":{"rendered":"https:\/\/www.kaasikkoolitus.eu\/web\/?page_id=5563"},"modified":"2025-10-23T19:42:51","modified_gmt":"2025-10-23T16:42:51","slug":"toiduhugieeni-24-7-iseseisev-videokoolitus","status":"publish","type":"page","link":"https:\/\/www.kaasikkoolitus.eu\/web\/toiduhugieeni-24-7-iseseisev-videokoolitus\/","title":{"rendered":"Toiduh\u00fcgieeni 24\/7 iseseisev videokoolitus"},"content":{"rendered":"<div data-animation=\"rubberBand\" data-icons-animation=\"no-animation\" data-overlay=\"on\" data-change-size=\"\" data-button-size=\"0.7\" style=\"font-size:0.7em!important;display:none;\" class=\"supsystic-social-sharing supsystic-social-sharing-package-flat supsystic-social-sharing-hide-on-homepage supsystic-social-sharing-spacing supsystic-social-sharing-content supsystic-social-sharing-content-align-right\" data-text=\"\"><a data-networks=\"[]\" class=\"social-sharing-button sharer-flat sharer-flat-1 counter-standard without-counter facebook\" target=\"_blank\" title=\"Facebook\" href=\"http:\/\/www.facebook.com\/sharer.php?u=https%3A%2F%2Fwww.kaasikkoolitus.eu%2Fweb%2Ftoiduhugieeni-24-7-iseseisev-videokoolitus%2F\" data-main-href=\"http:\/\/www.facebook.com\/sharer.php?u={url}\" data-nid=\"1\" data-name=\"\" data-pid=\"2\" data-post-id=\"5563\" data-url=\"https:\/\/www.kaasikkoolitus.eu\/web\/wp-admin\/admin-ajax.php\" rel=\"nofollow\" data-mailto=\"\"><i class=\"fa-ssbs fa-ssbs-fw fa-ssbs-facebook\"><\/i><div class=\"counter-wrap standard\"><span class=\"counter\">0<\/span><\/div><\/a><a data-networks=\"[]\" class=\"social-sharing-button sharer-flat sharer-flat-1 counter-standard without-counter print\" target=\"_blank\" title=\"Print\" href=\"#\" data-main-href=\"#\" data-nid=\"14\" data-name=\"\" data-pid=\"2\" data-post-id=\"5563\" data-url=\"https:\/\/www.kaasikkoolitus.eu\/web\/wp-admin\/admin-ajax.php\" rel=\"nofollow\" data-mailto=\"\"><i class=\"fa-ssbs fa-ssbs-fw fa-ssbs-print\"><\/i><div class=\"counter-wrap standard\"><span class=\"counter\">0<\/span><\/div><\/a><a data-networks=\"[]\" class=\"social-sharing-button sharer-flat sharer-flat-1 counter-standard without-counter mail\" target=\"_blank\" title=\"Mail\" href=\"#\" data-main-href=\"#\" data-nid=\"16\" data-name=\"\" data-pid=\"2\" data-post-id=\"5563\" data-url=\"https:\/\/www.kaasikkoolitus.eu\/web\/wp-admin\/admin-ajax.php\" rel=\"nofollow\" data-mailto=\"\"><i class=\"fa-ssbs fa-ssbs-fw fa-ssbs-envelope-o\"><\/i><div class=\"counter-wrap standard\"><span class=\"counter\">0<\/span><\/div><\/a><\/div><div><strong>Toiduh\u00fcgieeni koolitus 6 akadeemilist tundi l\u00e4bitav 24\/7 veebivideo vormis.\u00a0\u00a0<\/strong><\/div>\n<div id=\"m_-806952529165098146gmail-:ati\" role=\"textbox\" aria-label=\"Kirja tekst\" aria-multiline=\"true\" aria-controls=\":aw5\" aria-expanded=\"false\">\n<p>Kui vajad toiduh\u00fcgieeni koolitust paindlikult ja kiiresti, on v\u00f5imalik l\u00e4bida see veebis\u00a0videokoolitusena!<\/p>\n<p><strong>Koolitus sobib, kui:\u00a0<\/strong><br \/>\nT\u00f6\u00f6tad toitlustus-, kaubandus- v\u00f5i toiduainet\u00f6\u00f6stuses;<br \/>\nOled t\u00f6\u00f6andja, kes soovib koolitada oma t\u00f6\u00f6tajaid;<br \/>\nSoovid iseseisvalt omandada teadmisi toiduh\u00fcgieenist.<\/p>\n<p><strong>Koolituse sisu:\u00a0<\/strong><br \/>\n\u00d5ppematerjal salvestatud videona (saad vaadata endale sobival ajal ja kohas);<br \/>\nElektroonilised koolitusmaterjalid;<br \/>\nTesti sooritamine koolituse l\u00f5pus;<br \/>\nK\u00f5ik koolituse edukalt l\u00e4binud saavad tunnistuse, mis vastab seaduses s\u00e4testatud n\u00f5uetele<\/p>\n<p><strong>Hind: 30 \u20ac + KM<\/strong><\/p>\n<p>NB! Koolitus on saadaval ka ingliskeelsena<\/p>\n\n<div class=\"wpcf7 no-js\" id=\"wpcf7-f5565-o1\" lang=\"et\" dir=\"ltr\">\n<div class=\"screen-reader-response\"><p role=\"status\" aria-live=\"polite\" aria-atomic=\"true\"><\/p> <ul><\/ul><\/div>\n<form action=\"\/web\/wp-json\/wp\/v2\/pages\/5563#wpcf7-f5565-o1\" method=\"post\" class=\"wpcf7-form init\" aria-label=\"Contact form\" novalidate=\"novalidate\" data-status=\"init\">\n<div style=\"display: none;\">\n<input type=\"hidden\" name=\"_wpcf7\" value=\"5565\" \/>\n<input type=\"hidden\" name=\"_wpcf7_version\" value=\"5.9.5\" \/>\n<input type=\"hidden\" name=\"_wpcf7_locale\" value=\"et\" \/>\n<input type=\"hidden\" name=\"_wpcf7_unit_tag\" value=\"wpcf7-f5565-o1\" \/>\n<input type=\"hidden\" name=\"_wpcf7_container_post\" value=\"0\" \/>\n<input type=\"hidden\" name=\"_wpcf7_posted_data_hash\" value=\"\" \/>\n<\/div>\n<p><label> Nimi (n\u00f5utav)<br \/>\n<span class=\"wpcf7-form-control-wrap\" data-name=\"your-name\"><input size=\"40\" class=\"wpcf7-form-control wpcf7-text wpcf7-validates-as-required\" aria-required=\"true\" aria-invalid=\"false\" value=\"\" type=\"text\" name=\"your-name\" \/><\/span> <\/label>\n<\/p>\n<p><label> Isikukood (n\u00f5utav)<br \/>\n<span class=\"wpcf7-form-control-wrap\" data-name=\"text-isikukood\"><input size=\"40\" class=\"wpcf7-form-control wpcf7-text wpcf7-validates-as-required\" aria-required=\"true\" aria-invalid=\"false\" placeholder=\"00000000000\" value=\"\" type=\"text\" name=\"text-isikukood\" \/><\/span> <\/label>\n<\/p>\n<p><label> Telefoni number (n\u00f5utav)<br \/>\n<span class=\"wpcf7-form-control-wrap\" data-name=\"telefoninumber\"><input size=\"40\" class=\"wpcf7-form-control wpcf7-tel wpcf7-validates-as-required wpcf7-text wpcf7-validates-as-tel\" aria-required=\"true\" aria-invalid=\"false\" value=\"\" type=\"tel\" name=\"telefoninumber\" \/><\/span><br \/>\n<\/label>\n<\/p>\n<p><label> Email (n\u00f5utav)<br \/>\n<span class=\"wpcf7-form-control-wrap\" data-name=\"your-email\"><input size=\"40\" class=\"wpcf7-form-control wpcf7-email wpcf7-validates-as-required wpcf7-text wpcf7-validates-as-email\" aria-required=\"true\" aria-invalid=\"false\" value=\"\" type=\"email\" name=\"your-email\" \/><\/span> <\/label>\n<\/p>\n<p><label> Ettev\u00f5tte nimi:<br \/>\n<span class=\"wpcf7-form-control-wrap\" data-name=\"your-subject\"><input size=\"40\" class=\"wpcf7-form-control wpcf7-text\" aria-invalid=\"false\" value=\"\" type=\"text\" name=\"your-subject\" \/><\/span> <\/label>\n<\/p>\n<p><label> Osalejate nimed, isikukoodid, tel. nr. ja meiliaadressid (iga nimi eraldi reale)<br \/>\n<span class=\"wpcf7-form-control-wrap\" data-name=\"your-message\"><textarea cols=\"40\" rows=\"10\" class=\"wpcf7-form-control wpcf7-textarea\" aria-invalid=\"false\" name=\"your-message\"><\/textarea><\/span> <\/label>\n<\/p>\n<p><input class=\"wpcf7-form-control wpcf7-submit has-spinner\" type=\"submit\" value=\"Saada\" \/>\n<\/p><div class=\"wpcf7-response-output\" aria-hidden=\"true\"><\/div>\n<\/form>\n<\/div>\n\n<\/div>\n","protected":false},"excerpt":{"rendered":"<div data-animation=\"rubberBand\" data-icons-animation=\"no-animation\" data-overlay=\"on\" data-change-size=\"\" data-button-size=\"0.7\" style=\"font-size:0.7em!important;display:none;\" class=\"supsystic-social-sharing supsystic-social-sharing-package-flat supsystic-social-sharing-hide-on-homepage supsystic-social-sharing-spacing supsystic-social-sharing-content supsystic-social-sharing-content-align-right\" data-text=\"\"><a data-networks=\"[]\" class=\"social-sharing-button sharer-flat sharer-flat-1 counter-standard without-counter facebook\" target=\"_blank\" title=\"Facebook\" href=\"http:\/\/www.facebook.com\/sharer.php?u=https%3A%2F%2Fwww.kaasikkoolitus.eu%2Fweb%2Ftoiduhugieeni-24-7-iseseisev-videokoolitus%2F\" data-main-href=\"http:\/\/www.facebook.com\/sharer.php?u={url}\" data-nid=\"1\" data-name=\"\" data-pid=\"2\" data-post-id=\"5563\" data-url=\"https:\/\/www.kaasikkoolitus.eu\/web\/wp-admin\/admin-ajax.php\" rel=\"nofollow\" data-mailto=\"\"><i class=\"fa-ssbs fa-ssbs-fw fa-ssbs-facebook\"><\/i><div class=\"counter-wrap standard\"><span class=\"counter\">0<\/span><\/div><\/a><a data-networks=\"[]\" class=\"social-sharing-button sharer-flat sharer-flat-1 counter-standard without-counter print\" target=\"_blank\" title=\"Print\" href=\"#\" data-main-href=\"#\" data-nid=\"14\" data-name=\"\" data-pid=\"2\" data-post-id=\"5563\" data-url=\"https:\/\/www.kaasikkoolitus.eu\/web\/wp-admin\/admin-ajax.php\" rel=\"nofollow\" data-mailto=\"\"><i class=\"fa-ssbs fa-ssbs-fw fa-ssbs-print\"><\/i><div class=\"counter-wrap standard\"><span class=\"counter\">0<\/span><\/div><\/a><a data-networks=\"[]\" class=\"social-sharing-button sharer-flat sharer-flat-1 counter-standard without-counter mail\" target=\"_blank\" title=\"Mail\" href=\"#\" data-main-href=\"#\" data-nid=\"16\" data-name=\"\" data-pid=\"2\" data-post-id=\"5563\" data-url=\"https:\/\/www.kaasikkoolitus.eu\/web\/wp-admin\/admin-ajax.php\" rel=\"nofollow\" data-mailto=\"\"><i class=\"fa-ssbs fa-ssbs-fw fa-ssbs-envelope-o\"><\/i><div class=\"counter-wrap standard\"><span class=\"counter\">0<\/span><\/div><\/a><\/div><p>Toiduh\u00fcgieeni koolitus 6 akadeemilist tundi l\u00e4bitav 24\/7 veebivideo vormis.\u00a0\u00a0 Kui vajad toiduh\u00fcgieeni koolitust paindlikult ja kiiresti, on v\u00f5imalik l\u00e4bida see veebis\u00a0videokoolitusena! Koolitus sobib, kui:\u00a0 T\u00f6\u00f6tad toitlustus-, kaubandus- v\u00f5i toiduainet\u00f6\u00f6stuses; Oled t\u00f6\u00f6andja, kes soovib koolitada oma t\u00f6\u00f6tajaid; Soovid iseseisvalt omandada teadmisi toiduh\u00fcgieenist. Koolituse sisu:\u00a0 \u00d5ppematerjal salvestatud videona (saad vaadata endale sobival ajal ja kohas); Elektroonilised koolitusmaterjalid; [&hellip;]<\/p>\n","protected":false},"author":1,"featured_media":0,"parent":0,"menu_order":0,"comment_status":"closed","ping_status":"closed","template":"","meta":{"om_disable_all_campaigns":false,"_monsterinsights_skip_tracking":false,"_monsterinsights_sitenote_active":false,"_monsterinsights_sitenote_note":"","_monsterinsights_sitenote_category":0,"jetpack_post_was_ever_published":false,"footnotes":""},"jetpack_sharing_enabled":true,"jetpack_shortlink":"https:\/\/wp.me\/P8vvDu-1rJ","jetpack-related-posts":[],"_links":{"self":[{"href":"https:\/\/www.kaasikkoolitus.eu\/web\/wp-json\/wp\/v2\/pages\/5563"}],"collection":[{"href":"https:\/\/www.kaasikkoolitus.eu\/web\/wp-json\/wp\/v2\/pages"}],"about":[{"href":"https:\/\/www.kaasikkoolitus.eu\/web\/wp-json\/wp\/v2\/types\/page"}],"author":[{"embeddable":true,"href":"https:\/\/www.kaasikkoolitus.eu\/web\/wp-json\/wp\/v2\/users\/1"}],"replies":[{"embeddable":true,"href":"https:\/\/www.kaasikkoolitus.eu\/web\/wp-json\/wp\/v2\/comments?post=5563"}],"version-history":[{"count":2,"href":"https:\/\/www.kaasikkoolitus.eu\/web\/wp-json\/wp\/v2\/pages\/5563\/revisions"}],"predecessor-version":[{"id":5566,"href":"https:\/\/www.kaasikkoolitus.eu\/web\/wp-json\/wp\/v2\/pages\/5563\/revisions\/5566"}],"wp:attachment":[{"href":"https:\/\/www.kaasikkoolitus.eu\/web\/wp-json\/wp\/v2\/media?parent=5563"}],"curies":[{"name":"wp","href":"https:\/\/api.w.org\/{rel}","templated":true}]}}