{"id":537,"date":"2017-03-14T10:00:34","date_gmt":"2017-03-14T08:00:34","guid":{"rendered":"https:\/\/www.kaasikkoolitus.eu\/web\/?page_id=537"},"modified":"2020-01-03T09:48:28","modified_gmt":"2020-01-03T07:48:28","slug":"oppe-korraldamine","status":"publish","type":"page","link":"https:\/\/www.kaasikkoolitus.eu\/web\/oppe-korraldamine\/","title":{"rendered":"\u00d5ppe korraldamine"},"content":{"rendered":"<div data-animation=\"rubberBand\" data-icons-animation=\"no-animation\" data-overlay=\"on\" data-change-size=\"\" data-button-size=\"0.7\" style=\"font-size:0.7em!important;display:none;\" class=\"supsystic-social-sharing supsystic-social-sharing-package-flat supsystic-social-sharing-hide-on-homepage supsystic-social-sharing-spacing supsystic-social-sharing-content supsystic-social-sharing-content-align-right\" data-text=\"\"><a data-networks=\"[]\" class=\"social-sharing-button sharer-flat sharer-flat-1 counter-standard without-counter facebook\" target=\"_blank\" title=\"Facebook\" href=\"http:\/\/www.facebook.com\/sharer.php?u=https%3A%2F%2Fwww.kaasikkoolitus.eu%2Fweb%2Foppe-korraldamine%2F\" data-main-href=\"http:\/\/www.facebook.com\/sharer.php?u={url}\" data-nid=\"1\" data-name=\"\" data-pid=\"2\" data-post-id=\"537\" data-url=\"https:\/\/www.kaasikkoolitus.eu\/web\/wp-admin\/admin-ajax.php\" rel=\"nofollow\" data-mailto=\"\"><i class=\"fa-ssbs fa-ssbs-fw fa-ssbs-facebook\"><\/i><div class=\"counter-wrap standard\"><span class=\"counter\">2<\/span><\/div><\/a><a data-networks=\"[]\" class=\"social-sharing-button sharer-flat sharer-flat-1 counter-standard without-counter print\" target=\"_blank\" title=\"Print\" href=\"#\" data-main-href=\"#\" data-nid=\"14\" data-name=\"\" data-pid=\"2\" data-post-id=\"537\" data-url=\"https:\/\/www.kaasikkoolitus.eu\/web\/wp-admin\/admin-ajax.php\" rel=\"nofollow\" data-mailto=\"\"><i class=\"fa-ssbs fa-ssbs-fw fa-ssbs-print\"><\/i><div class=\"counter-wrap standard\"><span class=\"counter\">0<\/span><\/div><\/a><a data-networks=\"[]\" class=\"social-sharing-button sharer-flat sharer-flat-1 counter-standard without-counter mail\" target=\"_blank\" title=\"Mail\" href=\"#\" data-main-href=\"#\" data-nid=\"16\" data-name=\"\" data-pid=\"2\" data-post-id=\"537\" data-url=\"https:\/\/www.kaasikkoolitus.eu\/web\/wp-admin\/admin-ajax.php\" rel=\"nofollow\" data-mailto=\"\"><i class=\"fa-ssbs fa-ssbs-fw fa-ssbs-envelope-o\"><\/i><div class=\"counter-wrap standard\"><span class=\"counter\">0<\/span><\/div><\/a><\/div><p><strong>\u00d5ppematerjal\u00a0<\/strong>\u2013 enamusel meie avalikel koolitustel osalejatel on v\u00f5imalus valida, kas nad soovivad koolitusmaterjale elektrooniliselt v\u00f5i eelistavad k\u00f6idetud koolitusmaterjale.<\/p>\n<p><strong>\u00d5pperuumid<\/strong><b>\u00a0<\/b>\u2013 Kaasik Koolitus Koolituskeskus rendib koolitusruume seminaride l\u00e4biviimiseks.K\u00f5ik kasutatavad ruumid vastavad tervisekaitse n\u00f5uetele. \u00d5ppeklassid on varustatud t\u00e4nap\u00e4evase esitlustehnikaga (dataprojektor, arvuti jne) ja pabertahvliga. Olenevalt kursusest ja vajadusest on v\u00f5imalus kasutada koolituse kestel toimivat interneti\u00fchendust.<\/p>\n<p><strong>\u00d5ppekavad<\/strong><b>\u00a0<\/b>\u2013 arvestame \u00f5ppekavade koostamisel t\u00e4iskasvanute koolituse seaduse, t\u00e4ienduskoolituse standardi ning Haridus- ja Teadusministeeriumi poolt heaks kiidetud juhendmaterjali n\u00f5udeid ja soovitusi. Meie koolituste \u00f5ppekavad on avalikustatud ettev\u00f5tte kodulehel.<\/p>\n<p>Kaasik Koolituse \u00f5ppekavades s\u00e4testatakse v\u00e4hemalt j\u00e4rgmised andmed:<br \/>\n1) \u00f5ppekava nimetus;<br \/>\n2) \u00f5ppekavar\u00fchm;<br \/>\n3) \u00f5ppe eesm\u00e4rk;<br \/>\n4) \u00f5piv\u00e4ljundid;<br \/>\n5) \u00f5ppekava koostamise alus;<br \/>\n6) sihtgrupp;<br \/>\n7) \u00f5pingute alustamise tingimused, juhul kui need on kehtestatud;<br \/>\n8) \u00f5ppe kogumaht, sealhulgas auditoorse, praktilise ja iseseisva t\u00f6\u00f6 osakaal;<br \/>\n9) \u00f5ppe sisu;<br \/>\n10) \u00f5ppekeskkonna kirjeldus;<br \/>\n11) \u00f5ppemeetod;<br \/>\n12) \u00f5ppematerjalide loend, juhul kui \u00f5ppekava l\u00e4bimiseks on ette n\u00e4htud \u00f5ppematerjalid<br \/>\n13) n\u00f5uded \u00f5pingute l\u00f5petamiseks ja v\u00e4ljastatavad dokumendid;<br \/>\n14) koolituse l\u00e4biviimiseks vajaliku kvalifikatsiooni, \u00f5pi- v\u00f5i t\u00f6\u00f6kogemuse kirjeldus.<\/p>\n<p>\u00d5ppekava koostamisel v\u00f5etakse arvesse iga sihtgrupi vajadusi. Iga koolitus on oma olemuselt praktilise suunitlusega, eesm\u00e4rgiks aidata sihtgrupil saavutada p\u00fcstitatud \u00f5ppeeesm\u00e4rgid. Nii sise- kui avalikel koolitustel on \u00f5ppekava \u00fclesehituse osaks praktilised harjutused ning vajadusel ka kodut\u00f6\u00f6d. Enne sisekoolituse \u00f5ppekava koostamist kaardistame v\u00f5imalikult t\u00e4pselt koolitusvajaduse.<\/p>\n","protected":false},"excerpt":{"rendered":"<div data-animation=\"rubberBand\" data-icons-animation=\"no-animation\" data-overlay=\"on\" data-change-size=\"\" data-button-size=\"0.7\" style=\"font-size:0.7em!important;display:none;\" class=\"supsystic-social-sharing supsystic-social-sharing-package-flat supsystic-social-sharing-hide-on-homepage supsystic-social-sharing-spacing supsystic-social-sharing-content supsystic-social-sharing-content-align-right\" data-text=\"\"><a data-networks=\"[]\" class=\"social-sharing-button sharer-flat sharer-flat-1 counter-standard without-counter facebook\" target=\"_blank\" title=\"Facebook\" href=\"http:\/\/www.facebook.com\/sharer.php?u=https%3A%2F%2Fwww.kaasikkoolitus.eu%2Fweb%2Foppe-korraldamine%2F\" data-main-href=\"http:\/\/www.facebook.com\/sharer.php?u={url}\" data-nid=\"1\" data-name=\"\" data-pid=\"2\" data-post-id=\"537\" data-url=\"https:\/\/www.kaasikkoolitus.eu\/web\/wp-admin\/admin-ajax.php\" rel=\"nofollow\" data-mailto=\"\"><i class=\"fa-ssbs fa-ssbs-fw fa-ssbs-facebook\"><\/i><div class=\"counter-wrap standard\"><span class=\"counter\">2<\/span><\/div><\/a><a data-networks=\"[]\" class=\"social-sharing-button sharer-flat sharer-flat-1 counter-standard without-counter print\" target=\"_blank\" title=\"Print\" href=\"#\" data-main-href=\"#\" data-nid=\"14\" data-name=\"\" data-pid=\"2\" data-post-id=\"537\" data-url=\"https:\/\/www.kaasikkoolitus.eu\/web\/wp-admin\/admin-ajax.php\" rel=\"nofollow\" data-mailto=\"\"><i class=\"fa-ssbs fa-ssbs-fw fa-ssbs-print\"><\/i><div class=\"counter-wrap standard\"><span class=\"counter\">0<\/span><\/div><\/a><a data-networks=\"[]\" class=\"social-sharing-button sharer-flat sharer-flat-1 counter-standard without-counter mail\" target=\"_blank\" title=\"Mail\" href=\"#\" data-main-href=\"#\" data-nid=\"16\" data-name=\"\" data-pid=\"2\" data-post-id=\"537\" data-url=\"https:\/\/www.kaasikkoolitus.eu\/web\/wp-admin\/admin-ajax.php\" rel=\"nofollow\" data-mailto=\"\"><i class=\"fa-ssbs fa-ssbs-fw fa-ssbs-envelope-o\"><\/i><div class=\"counter-wrap standard\"><span class=\"counter\">0<\/span><\/div><\/a><\/div><p>\u00d5ppematerjal\u00a0\u2013 enamusel meie avalikel koolitustel osalejatel on v\u00f5imalus valida, kas nad soovivad koolitusmaterjale elektrooniliselt v\u00f5i eelistavad k\u00f6idetud koolitusmaterjale. \u00d5pperuumid\u00a0\u2013 Kaasik Koolitus Koolituskeskus rendib koolitusruume seminaride l\u00e4biviimiseks.K\u00f5ik kasutatavad ruumid vastavad tervisekaitse n\u00f5uetele. \u00d5ppeklassid on varustatud t\u00e4nap\u00e4evase esitlustehnikaga (dataprojektor, arvuti jne) ja pabertahvliga. Olenevalt kursusest ja vajadusest on v\u00f5imalus kasutada koolituse kestel toimivat interneti\u00fchendust. \u00d5ppekavad\u00a0\u2013 arvestame \u00f5ppekavade [&hellip;]<\/p>\n","protected":false},"author":1,"featured_media":0,"parent":0,"menu_order":0,"comment_status":"closed","ping_status":"closed","template":"","meta":{"om_disable_all_campaigns":false,"_monsterinsights_skip_tracking":false,"_monsterinsights_sitenote_active":false,"_monsterinsights_sitenote_note":"","_monsterinsights_sitenote_category":0,"jetpack_post_was_ever_published":false,"footnotes":""},"jetpack_sharing_enabled":true,"jetpack_shortlink":"https:\/\/wp.me\/P8vvDu-8F","jetpack-related-posts":[],"_links":{"self":[{"href":"https:\/\/www.kaasikkoolitus.eu\/web\/wp-json\/wp\/v2\/pages\/537"}],"collection":[{"href":"https:\/\/www.kaasikkoolitus.eu\/web\/wp-json\/wp\/v2\/pages"}],"about":[{"href":"https:\/\/www.kaasikkoolitus.eu\/web\/wp-json\/wp\/v2\/types\/page"}],"author":[{"embeddable":true,"href":"https:\/\/www.kaasikkoolitus.eu\/web\/wp-json\/wp\/v2\/users\/1"}],"replies":[{"embeddable":true,"href":"https:\/\/www.kaasikkoolitus.eu\/web\/wp-json\/wp\/v2\/comments?post=537"}],"version-history":[{"count":2,"href":"https:\/\/www.kaasikkoolitus.eu\/web\/wp-json\/wp\/v2\/pages\/537\/revisions"}],"predecessor-version":[{"id":544,"href":"https:\/\/www.kaasikkoolitus.eu\/web\/wp-json\/wp\/v2\/pages\/537\/revisions\/544"}],"wp:attachment":[{"href":"https:\/\/www.kaasikkoolitus.eu\/web\/wp-json\/wp\/v2\/media?parent=537"}],"curies":[{"name":"wp","href":"https:\/\/api.w.org\/{rel}","templated":true}]}}