{"id":443,"date":"2017-02-17T08:47:08","date_gmt":"2017-02-17T06:47:08","guid":{"rendered":"https:\/\/www.kaasikkoolitus.eu\/web\/?page_id=443"},"modified":"2020-01-31T08:44:11","modified_gmt":"2020-01-31T06:44:11","slug":"tutvustus","status":"publish","type":"page","link":"https:\/\/www.kaasikkoolitus.eu\/web\/tutvustus\/","title":{"rendered":"Koolitustingimused"},"content":{"rendered":"<div data-animation=\"rubberBand\" data-icons-animation=\"no-animation\" data-overlay=\"on\" data-change-size=\"\" data-button-size=\"0.7\" style=\"font-size:0.7em!important;display:none;\" class=\"supsystic-social-sharing supsystic-social-sharing-package-flat supsystic-social-sharing-hide-on-homepage supsystic-social-sharing-spacing supsystic-social-sharing-content supsystic-social-sharing-content-align-right\" data-text=\"\"><a data-networks=\"[]\" class=\"social-sharing-button sharer-flat sharer-flat-1 counter-standard without-counter facebook\" target=\"_blank\" title=\"Facebook\" href=\"http:\/\/www.facebook.com\/sharer.php?u=https%3A%2F%2Fwww.kaasikkoolitus.eu%2Fweb%2Ftutvustus%2F\" data-main-href=\"http:\/\/www.facebook.com\/sharer.php?u={url}\" data-nid=\"1\" data-name=\"\" data-pid=\"2\" data-post-id=\"443\" data-url=\"https:\/\/www.kaasikkoolitus.eu\/web\/wp-admin\/admin-ajax.php\" rel=\"nofollow\" data-mailto=\"\"><i class=\"fa-ssbs fa-ssbs-fw fa-ssbs-facebook\"><\/i><div class=\"counter-wrap standard\"><span class=\"counter\">0<\/span><\/div><\/a><a data-networks=\"[]\" class=\"social-sharing-button sharer-flat sharer-flat-1 counter-standard without-counter print\" target=\"_blank\" title=\"Print\" href=\"#\" data-main-href=\"#\" data-nid=\"14\" data-name=\"\" data-pid=\"2\" data-post-id=\"443\" data-url=\"https:\/\/www.kaasikkoolitus.eu\/web\/wp-admin\/admin-ajax.php\" rel=\"nofollow\" data-mailto=\"\"><i class=\"fa-ssbs fa-ssbs-fw fa-ssbs-print\"><\/i><div class=\"counter-wrap standard\"><span class=\"counter\">1<\/span><\/div><\/a><a data-networks=\"[]\" class=\"social-sharing-button sharer-flat sharer-flat-1 counter-standard without-counter mail\" target=\"_blank\" title=\"Mail\" href=\"#\" data-main-href=\"#\" data-nid=\"16\" data-name=\"\" data-pid=\"2\" data-post-id=\"443\" data-url=\"https:\/\/www.kaasikkoolitus.eu\/web\/wp-admin\/admin-ajax.php\" rel=\"nofollow\" data-mailto=\"\"><i class=\"fa-ssbs fa-ssbs-fw fa-ssbs-envelope-o\"><\/i><div class=\"counter-wrap standard\"><span class=\"counter\">1<\/span><\/div><\/a><\/div><p><strong>Koolitustingimused<img loading=\"lazy\" decoding=\"async\" data-attachment-id=\"446\" data-permalink=\"https:\/\/www.kaasikkoolitus.eu\/web\/tutvustus\/tutvustus-2\/\" data-orig-file=\"https:\/\/i0.wp.com\/www.kaasikkoolitus.eu\/web\/wp-content\/uploads\/2017\/02\/tutvustus.jpg?fit=300%2C298&amp;ssl=1\" data-orig-size=\"300,298\" data-comments-opened=\"0\" data-image-meta=\"{&quot;aperture&quot;:&quot;0&quot;,&quot;credit&quot;:&quot;&quot;,&quot;camera&quot;:&quot;&quot;,&quot;caption&quot;:&quot;&quot;,&quot;created_timestamp&quot;:&quot;0&quot;,&quot;copyright&quot;:&quot;&quot;,&quot;focal_length&quot;:&quot;0&quot;,&quot;iso&quot;:&quot;0&quot;,&quot;shutter_speed&quot;:&quot;0&quot;,&quot;title&quot;:&quot;&quot;,&quot;orientation&quot;:&quot;1&quot;}\" data-image-title=\"tutvustus\" data-image-description=\"\" data-image-caption=\"\" data-medium-file=\"https:\/\/i0.wp.com\/www.kaasikkoolitus.eu\/web\/wp-content\/uploads\/2017\/02\/tutvustus.jpg?fit=300%2C298&amp;ssl=1\" data-large-file=\"https:\/\/i0.wp.com\/www.kaasikkoolitus.eu\/web\/wp-content\/uploads\/2017\/02\/tutvustus.jpg?fit=300%2C298&amp;ssl=1\" class=\"size-full wp-image-446 alignright\" src=\"https:\/\/i0.wp.com\/www.kaasikkoolitus.eu\/web\/wp-content\/uploads\/2017\/02\/tutvustus.jpg?resize=300%2C298&#038;ssl=1\" alt=\"\" width=\"300\" height=\"298\" srcset=\"https:\/\/i0.wp.com\/www.kaasikkoolitus.eu\/web\/wp-content\/uploads\/2017\/02\/tutvustus.jpg?w=300&amp;ssl=1 300w, https:\/\/i0.wp.com\/www.kaasikkoolitus.eu\/web\/wp-content\/uploads\/2017\/02\/tutvustus.jpg?resize=150%2C150&amp;ssl=1 150w, https:\/\/i0.wp.com\/www.kaasikkoolitus.eu\/web\/wp-content\/uploads\/2017\/02\/tutvustus.jpg?resize=96%2C96&amp;ssl=1 96w, https:\/\/i0.wp.com\/www.kaasikkoolitus.eu\/web\/wp-content\/uploads\/2017\/02\/tutvustus.jpg?resize=121%2C121&amp;ssl=1 121w, https:\/\/i0.wp.com\/www.kaasikkoolitus.eu\/web\/wp-content\/uploads\/2017\/02\/tutvustus.jpg?resize=60%2C60&amp;ssl=1 60w, https:\/\/i0.wp.com\/www.kaasikkoolitus.eu\/web\/wp-content\/uploads\/2017\/02\/tutvustus.jpg?resize=184%2C184&amp;ssl=1 184w\" sizes=\"(max-width: 300px) 100vw, 300px\" data-recalc-dims=\"1\" \/><\/strong><\/p>\n<p>Kaasik Koolitus O\u00dc (edaspidi koolitusfirma) korraldab l\u00fchikesi (kuni 8 akad tundi) ja pikemaid (16 akad tundi ja 24 akad tundi) koolitusi aastaringselt \u00fcle Eesti nii avalike kui asutusesiseste koolitustena.<\/p>\n<p>&nbsp;<\/p>\n<p><strong>Koolituste kestvus<\/strong><\/p>\n<p>Koolituste mahtu arvestatakse akadeemilistes tundides, kus \u00fcks akadeemiline tund on 45 minutit.<br \/>\nKoolitusfirmal on \u00f5igus teha koolituste plaanis ja ajakavas muudatusi. Koolitustele registreerunuid teavitakse muudatustest koheselt.<\/p>\n<p>&nbsp;<\/p>\n<p><strong>Koolitustele registreerumine<\/strong><\/p>\n<p>K\u00f5ikidele koolitustele tuleb eelnevalt registreeruda. Registreeruda saab koolitusfirma kodulehel www.kaasikkoolitus.eu vastava blanketi t\u00e4itmise v\u00f5i e-posti v\u00f5i telefoni teel. Peale registreerumist saadetakse Teile registreerumise kinnitus e-posti aadressile.<\/p>\n<p>&nbsp;<\/p>\n<p><strong>Koolituse eest tasumine ja koolitusleping<\/strong><\/p>\n<p>Koolituse eest tasumine toimub arve alusel. Juriidilisele isikule (vajadusel ka eraisikule) v\u00e4ljastame arve vastavalt soovile kas posti v\u00f5i e-posti teel. Arve tuleb tasuda arvel m\u00e4rgitud t\u00e4htajaks. Makset\u00e4htaja \u00fcletamisel 45 p\u00e4eva ja\/v\u00f5i hoolimata koolitusfirma poolsetest meeldetuletustest antakse tasumata arve edasi inkassofirmale edasiseks k\u00e4itlemiseks.<\/p>\n<p>\u00dcldjuhul tasutakse arve enne koolituse algust kui ei ole m\u00fc\u00fcgikonsultandiga ja\/v\u00f5i raamatupidajaga kokku lepitud teisiti. Erandjuhtudel on pikemate ja\/v\u00f5i asutusesiseste koolituste puhul kokkuleppel<\/p>\n<p>Kaasik Koolitus O\u00dc juhatajaga v\u00f5imalik tasuda \u00f5ppet\u00f6\u00f6 eest osade kaupa. Koolituste eest on v\u00f5imalik tasuda ka sularahas koolituse toimumise p\u00e4eval.<\/p>\n<p>Asutusesiseste koolituste korral s\u00f5lmivad koolitusfirma ja koolituse tellija koolituslepingu, kus on \u00e4ra n\u00e4idatud t\u00e4psed koolituse korraldamise ja tasumise tingimused, poolte \u00f5igused ja kohustused.<\/p>\n<p>&nbsp;<\/p>\n<p><strong>Koolitusest loobumine<\/strong><\/p>\n<p>Kui koolitusele registreerunul ei ole v\u00f5imalik koolitusest osa v\u00f5tta, tuleb sellest kirjalikult teavitada koolitusfirmat hiljemalt 2 t\u00f6\u00f6p\u00e4eva enne koolituse toimumist. \u00d5igeaegsel teatamisel tagastatakse kliendi soovi korral 100% koolituse tasust v\u00f5i registreeritakse klient j\u00e4rgmisele talle sobivale koolitusele.<br \/>\nHilisemal loobumisel kui 2 t\u00f6\u00f6p\u00e4eva kuulub tasumisele 100% koolituse maksumusest.<\/p>\n<p>&nbsp;<\/p>\n<p><strong>Koolituse \u00e4raj\u00e4\u00e4mine v\u00f5i edasil\u00fckkumine<\/strong><\/p>\n<p>Koolitusfirmal on koolitusgrupi mittet\u00e4itumisel \u00f5igus koolitus \u00e4ra j\u00e4tta v\u00f5i koolituse toimumist edasi l\u00fckata koolitusgrupi t\u00e4itumiseni. Registreerunuid teavitatakse sellest telefoni v\u00f5i e-posti teel hiljemalt koolitusele eelneval t\u00f6\u00f6p\u00e4eval. Koolituse \u00e4ra j\u00e4\u00e4misel makstakse koolitustasu tagasi t\u00e4ies ulatuses v\u00f5i kantakse soovi korral \u00fcle m\u00f5nele teisele koolitusele<\/p>\n<p>&nbsp;<\/p>\n<p><strong>Koolitusel osalemine<\/strong><\/p>\n<p>Koolitusele registreerunul palume koolitusele kohale tulla v\u00f5imaluse korral v\u00e4hemalt 15 minutit enne koolituse algust. Koolituse registreerimislehele palume m\u00e4rkida osaleja ees-ja perekonnanime tr\u00fckit\u00e4htedega ja v\u00f5imalikult selge k\u00e4ekirjaga, et koolitusfirma juhatajal oleks v\u00f5imalik v\u00e4ljastada koolituse eduka l\u00e4bimise j\u00e4rel korrektne ja \u00f5ige osaleja nimega tunnistus.<\/p>\n<p>&nbsp;<\/p>\n<p>Kui koolitusele registreerunul ei ole v\u00f5imalik koolitusest osa v\u00f5tta, tuleb sellest koheselt teavitada koolitusfirmat kirjalikult v\u00e4hemalt 3 t\u00f6\u00f6p\u00e4eva enne koolituse toimumist. \u00d5igeaegsel teatamisel tagastakse 100% koolituse tasust juhul kui arve oli juba eelnevalt tasutud. Hilisemal teatamisel kui 3 t\u00f6\u00f6p\u00e4eva enne koolituse toimumist kuulub tasumisele 25% koolituse tasust arve alusel. Juhul kui koolitusel osaleja oli enne koolituse toimumist arve tasunud ning ei teatanud \u00f5igeaegselt oma mitteosalemisest, siis kuulub tagastamisele 75% koolituse tasust ning esitatakse kreeditarve 25% ulatuses koolituse tasust, mis j\u00e4\u00e4b koolitusfirmale. Koolituse poolelij\u00e4tmisel \u00f5ppetasu ei tagastata.<\/p>\n","protected":false},"excerpt":{"rendered":"<div data-animation=\"rubberBand\" data-icons-animation=\"no-animation\" data-overlay=\"on\" data-change-size=\"\" data-button-size=\"0.7\" style=\"font-size:0.7em!important;display:none;\" class=\"supsystic-social-sharing supsystic-social-sharing-package-flat supsystic-social-sharing-hide-on-homepage supsystic-social-sharing-spacing supsystic-social-sharing-content supsystic-social-sharing-content-align-right\" data-text=\"\"><a data-networks=\"[]\" class=\"social-sharing-button sharer-flat sharer-flat-1 counter-standard without-counter facebook\" target=\"_blank\" title=\"Facebook\" href=\"http:\/\/www.facebook.com\/sharer.php?u=https%3A%2F%2Fwww.kaasikkoolitus.eu%2Fweb%2Ftutvustus%2F\" data-main-href=\"http:\/\/www.facebook.com\/sharer.php?u={url}\" data-nid=\"1\" data-name=\"\" data-pid=\"2\" data-post-id=\"443\" data-url=\"https:\/\/www.kaasikkoolitus.eu\/web\/wp-admin\/admin-ajax.php\" rel=\"nofollow\" data-mailto=\"\"><i class=\"fa-ssbs fa-ssbs-fw fa-ssbs-facebook\"><\/i><div class=\"counter-wrap standard\"><span class=\"counter\">0<\/span><\/div><\/a><a data-networks=\"[]\" class=\"social-sharing-button sharer-flat sharer-flat-1 counter-standard without-counter print\" target=\"_blank\" title=\"Print\" href=\"#\" data-main-href=\"#\" data-nid=\"14\" data-name=\"\" data-pid=\"2\" data-post-id=\"443\" data-url=\"https:\/\/www.kaasikkoolitus.eu\/web\/wp-admin\/admin-ajax.php\" rel=\"nofollow\" data-mailto=\"\"><i class=\"fa-ssbs fa-ssbs-fw fa-ssbs-print\"><\/i><div class=\"counter-wrap standard\"><span class=\"counter\">1<\/span><\/div><\/a><a data-networks=\"[]\" class=\"social-sharing-button sharer-flat sharer-flat-1 counter-standard without-counter mail\" target=\"_blank\" title=\"Mail\" href=\"#\" data-main-href=\"#\" data-nid=\"16\" data-name=\"\" data-pid=\"2\" data-post-id=\"443\" data-url=\"https:\/\/www.kaasikkoolitus.eu\/web\/wp-admin\/admin-ajax.php\" rel=\"nofollow\" data-mailto=\"\"><i class=\"fa-ssbs fa-ssbs-fw fa-ssbs-envelope-o\"><\/i><div class=\"counter-wrap standard\"><span class=\"counter\">1<\/span><\/div><\/a><\/div><p>Koolitustingimused Kaasik Koolitus O\u00dc (edaspidi koolitusfirma) korraldab l\u00fchikesi (kuni 8 akad tundi) ja pikemaid (16 akad tundi ja 24 akad tundi) koolitusi aastaringselt \u00fcle Eesti nii avalike kui asutusesiseste koolitustena. &nbsp; Koolituste kestvus Koolituste mahtu arvestatakse akadeemilistes tundides, kus \u00fcks akadeemiline tund on 45 minutit. Koolitusfirmal on \u00f5igus teha koolituste plaanis ja ajakavas muudatusi. Koolitustele [&hellip;]<\/p>\n","protected":false},"author":1,"featured_media":0,"parent":0,"menu_order":0,"comment_status":"closed","ping_status":"closed","template":"","meta":{"om_disable_all_campaigns":false,"_monsterinsights_skip_tracking":false,"_monsterinsights_sitenote_active":false,"_monsterinsights_sitenote_note":"","_monsterinsights_sitenote_category":0,"jetpack_post_was_ever_published":false,"footnotes":""},"jetpack_sharing_enabled":true,"jetpack_shortlink":"https:\/\/wp.me\/P8vvDu-79","jetpack-related-posts":[],"_links":{"self":[{"href":"https:\/\/www.kaasikkoolitus.eu\/web\/wp-json\/wp\/v2\/pages\/443"}],"collection":[{"href":"https:\/\/www.kaasikkoolitus.eu\/web\/wp-json\/wp\/v2\/pages"}],"about":[{"href":"https:\/\/www.kaasikkoolitus.eu\/web\/wp-json\/wp\/v2\/types\/page"}],"author":[{"embeddable":true,"href":"https:\/\/www.kaasikkoolitus.eu\/web\/wp-json\/wp\/v2\/users\/1"}],"replies":[{"embeddable":true,"href":"https:\/\/www.kaasikkoolitus.eu\/web\/wp-json\/wp\/v2\/comments?post=443"}],"version-history":[{"count":6,"href":"https:\/\/www.kaasikkoolitus.eu\/web\/wp-json\/wp\/v2\/pages\/443\/revisions"}],"predecessor-version":[{"id":2625,"href":"https:\/\/www.kaasikkoolitus.eu\/web\/wp-json\/wp\/v2\/pages\/443\/revisions\/2625"}],"wp:attachment":[{"href":"https:\/\/www.kaasikkoolitus.eu\/web\/wp-json\/wp\/v2\/media?parent=443"}],"curies":[{"name":"wp","href":"https:\/\/api.w.org\/{rel}","templated":true}]}}