{"id":3632,"date":"2021-09-13T18:40:24","date_gmt":"2021-09-13T15:40:24","guid":{"rendered":"https:\/\/www.kaasikkoolitus.eu\/web\/?page_id=3632"},"modified":"2024-11-14T12:17:36","modified_gmt":"2024-11-14T10:17:36","slug":"toiduhugieeni-e-koolitused","status":"publish","type":"page","link":"https:\/\/www.kaasikkoolitus.eu\/web\/toiduhugieeni-e-koolitused\/","title":{"rendered":"Toiduh\u00fcgieeni veebip\u00f5hised koolitused"},"content":{"rendered":"<div data-animation=\"rubberBand\" data-icons-animation=\"no-animation\" data-overlay=\"on\" data-change-size=\"\" data-button-size=\"0.7\" style=\"font-size:0.7em!important;display:none;\" class=\"supsystic-social-sharing supsystic-social-sharing-package-flat supsystic-social-sharing-hide-on-homepage supsystic-social-sharing-spacing supsystic-social-sharing-content supsystic-social-sharing-content-align-right\" data-text=\"\"><a data-networks=\"[]\" class=\"social-sharing-button sharer-flat sharer-flat-1 counter-standard without-counter facebook\" target=\"_blank\" title=\"Facebook\" href=\"http:\/\/www.facebook.com\/sharer.php?u=https%3A%2F%2Fwww.kaasikkoolitus.eu%2Fweb%2Fevents%2Ftoiduhugieeni-koolitus-225%2F\" data-main-href=\"http:\/\/www.facebook.com\/sharer.php?u={url}\" data-nid=\"1\" data-name=\"\" data-pid=\"2\" data-post-id=\"5799\" data-url=\"https:\/\/www.kaasikkoolitus.eu\/web\/wp-admin\/admin-ajax.php\" rel=\"nofollow\" data-mailto=\"\"><i class=\"fa-ssbs fa-ssbs-fw fa-ssbs-facebook\"><\/i><div class=\"counter-wrap standard\"><span class=\"counter\">0<\/span><\/div><\/a><a data-networks=\"[]\" class=\"social-sharing-button sharer-flat sharer-flat-1 counter-standard without-counter print\" target=\"_blank\" title=\"Print\" href=\"#\" data-main-href=\"#\" data-nid=\"14\" data-name=\"\" data-pid=\"2\" data-post-id=\"5799\" data-url=\"https:\/\/www.kaasikkoolitus.eu\/web\/wp-admin\/admin-ajax.php\" rel=\"nofollow\" data-mailto=\"\"><i class=\"fa-ssbs fa-ssbs-fw fa-ssbs-print\"><\/i><div class=\"counter-wrap standard\"><span class=\"counter\">0<\/span><\/div><\/a><a data-networks=\"[]\" class=\"social-sharing-button sharer-flat sharer-flat-1 counter-standard without-counter mail\" target=\"_blank\" title=\"Mail\" href=\"#\" data-main-href=\"#\" data-nid=\"16\" data-name=\"\" data-pid=\"2\" data-post-id=\"5799\" data-url=\"https:\/\/www.kaasikkoolitus.eu\/web\/wp-admin\/admin-ajax.php\" rel=\"nofollow\" data-mailto=\"\"><i class=\"fa-ssbs fa-ssbs-fw fa-ssbs-envelope-o\"><\/i><div class=\"counter-wrap standard\"><span class=\"counter\">0<\/span><\/div><\/a><\/div><!-- EventON Calendar --><div id='evcal_calendar_362' class='list_cal ajde_evcal_calendar clean esty_0 ul ' data-cal=''><div id='evcal_head' class='calendar_header ' ><div class='evo_cal_above evodfx evofx_dr_r marb5 evofx_ww'><span class='cal_head_btn evo-gototoday-btn' style='display:none' data-mo='5' data-yr='2026' data-dy=''>See kuu<\/span><\/div><div class='evo_cal_above_content'><\/div><div class='evo_header_title '><\/div><\/div><div id='eventon_loadbar_section'><div id='eventon_loadbar'><\/div><\/div><!-- Events List --><div class='evo_events_list_box'><div id='evcal_list' class='eventon_events_list sep_months evcal_list_month'><div class='evcal_month_line' data-d='eml_5_2026' data-su='1777593600'><p>mai<\/p><\/div><div class='sep_month_events no_event' data-d='eml_5_2026'><div class='eventon_list_event no_events'><p class='no_events' >Pole s\u00fcndusi<\/p><\/div><\/div><div class='evcal_month_line' data-d='eml_6_2026' data-su='1780272000'><p>juuni<\/p><\/div><div class='sep_month_events ' data-d='eml_6_2026'><div id=\"event_5799_0\" class=\"eventon_list_event evo_eventtop scheduled  event clrD event_5799_0\" data-event_id=\"5799\" data-ri=\"0r\" data-time=\"1780567200-1780588800\" data-colr=\"#206177\" itemscope itemtype='http:\/\/schema.org\/Event'><div class=\"evo_event_schema\" style=\"display:none\" ><a itemprop='url'  href='https:\/\/www.kaasikkoolitus.eu\/web\/events\/toiduhugieeni-koolitus-225\/'><\/a><meta itemprop='image'  \/><meta itemprop='startDate' content=\"2026-6-4T10:00+3:00\" \/><meta itemprop='endDate' content=\"2026-6-4T16:00+3:00\" \/><meta itemprop='eventStatus' content=\"https:\/\/schema.org\/EventScheduled\" \/><item style=\"display:none\" itemprop=\"location\" itemscope itemtype=\"http:\/\/schema.org\/Place\"><span itemprop=\"name\">Zoom klient<\/span><span itemprop=\"address\" itemscope itemtype=\"http:\/\/schema.org\/PostalAddress\"><item itemprop=\"streetAddress\">Zoom.us<\/item><\/span><\/item><item style=\"display:none\" itemprop=\"eventAttendanceMode\" itemscope itemtype=\"https:\/\/schema.org\/OfflineEventAttendanceMode\"><\/item><div itemprop=\"organizer\" itemscope=\"\" itemtype=\"http:\/\/schema.org\/Organization\"><meta itemprop=\"name\" content=\"Kaasik Koolitus O\u00dc\">\n\t\t\t\t    \t<meta itemprop=\"url\" content=\"www.kaasikkoolitus.eu\"><\/div><div itemprop=\"performer\" itemscope=\"\" itemtype=\"http:\/\/schema.org\/Person\"><meta itemprop=\"name\" content=\"Kaasik Koolitus O\u00dc\"><\/div><script type=\"application\/ld+json\">{\"@context\": \"http:\/\/schema.org\",\"@type\": \"Event\",\n\t\t\t\t\"@id\": \"event_5799_0\",\n\t\t\t\t\"eventAttendanceMode\":\"https:\/\/schema.org\/OfflineEventAttendanceMode\",\n\t\t\t\t\"eventStatus\":\"https:\/\/schema.org\/EventScheduled\",\n\t\t\t\t\"name\": \"Toiduh\u00fcgieeni koolitus\",\n\t\t\t\t\"url\": \"https:\/\/www.kaasikkoolitus.eu\/web\/events\/toiduhugieeni-koolitus-225\/\",\n\t\t\t\t\"startDate\": \"2026-6-4T10:00+3:00\",\n\t\t\t\t\"endDate\": \"2026-6-4T16:00+3:00\",\n\t\t\t\t\"image\":\"\", \n\t\t\t\t\"description\":\"'Toiduh\u00fcgieeni koolitus'\",\"location\":[{\"@type\":\"Place\",\"name\":\"Zoom klient\",\"address\":{\"@type\": \"PostalAddress\",\"streetAddress\":\"Zoom.us\"}}],\"organizer\":[{\"@type\":\"Organization\",\"name\":\"Kaasik Koolitus O\u00dc\",\"url\":\"www.kaasikkoolitus.eu\"}]}<\/script><\/div>\r\n\t\t\t\t<p class=\"desc_trig_outter\" style=\"\"><a data-gmtrig=\"1\" data-exlk=\"0\" style=\"border-color: #206177;\" id=\"evc_17805672005799\" class=\"desc_trig sin_val evcal_list_a\" data-ux_val=\"1\" data-ux_val_mob=\"-\"  ><span class='evoet_c2 evoet_cx '><span class='evoet_dayblock evcal_cblock ' data-bgcolor='#206177' data-smon='juuni' data-syr='2026' data-bub=''><span class='evo_start '><em class='date'>04<\/em><em class='month'>juun<\/em><em class='time'>10:00 am<\/em><\/span><span class='evo_end only_time'><em class='time'>4:00 pm<\/em><\/span><\/span><\/span><span class='evoet_c3 evoet_cx evcal_desc'><span class='evoet_title evcal_desc2 evcal_event_title' itemprop='name'>Toiduh\u00fcgieeni koolitus<\/span><span class='event_location_attrs'  data-location_address=\"Zoom.us\" data-location_type=\"address\" data-location_name=\"Zoom klient\" data-location_url=\"https:\/\/www.kaasikkoolitus.eu\/web\/event-location\/zoom-klient\/\" data-location_status=\"true\"><\/span><span class='evoet_subtitle evo_below_title'><span class='evcal_event_subtitle' >Hind 35 eurot+km.<\/span><\/span><span class='evoet_location level_3'><em class=\"evcal_location\"  data-add_str=\"Zoom.us\" data-n=\"Zoom klient\"><i class=\"fa fa-location-pin\"><\/i><em class=\"event_location_name\">Zoom klient<\/em>, Zoom.us<\/em><\/span><\/span><span class='evoet_data' data-d=\"{&quot;loc.n&quot;:&quot;Zoom klient&quot;,&quot;orgs&quot;:{&quot;29&quot;:&quot;Kaasik Koolitus O\\u00dc&quot;},&quot;tags&quot;:[]}\" data-bgc=\"#206177\" data-bggrad=\"\" ><\/span><\/a><\/p><div class='event_description evcal_eventcard ' style=\"display:none\"><div class='evocard_row bx2 bx'><div id='event_time' class='evocard_box time' data-c='' \n\t\t\t\t\tstyle=''><div class='evo_metarow_time evorow evcal_evdata_row evcal_evrow_sm '>\n\t\t<span class='evcal_evdata_icons'><i class='fa fa-clock-o'><\/i><\/span>\n\t\t<div class='evcal_evdata_cell'>\t\t\t\t\t\t\t\n\t\t\t<h3 class='evo_h3'><span class='evcal_evdata_icons'><i class='fa fa-clock-o'><\/i><\/span>Aeg<\/h3><p><span class='evo_eventcard_time_t'>10:00 10:00am - 4:00pm<\/span><span class='evo_tz marr5'>(GMT+00:00)<\/span><\/p>\n\t\t<\/div>\n\t<\/div><\/div><div id='event_location' class='evocard_box location' data-c='' \n\t\t\t\t\tstyle=''><div class='evcal_evdata_row evo_metarow_time_location evorow '>\n\t\t\n\t\t\t<span class='evcal_evdata_icons'><i class='fa fa-map-marker'><\/i><\/span>\n\t\t\t<div class='evcal_evdata_cell' data-loc_tax_id='49'><h3 class='evo_h3 evodfx'><span class='evcal_evdata_icons'><i class='fa fa-map-marker'><\/i><\/span>Toimumiskoht<\/h3><p class='evo_location_name'>Zoom klient<\/p><p class='evo_location_address'>Zoom.us<\/p><div class='padt10'><span class='evo_btn_arr evolb_trigger' data-lbvals=\"{&quot;lbc&quot;:&quot;evo_location_lb_49&quot;,&quot;lbac&quot;:&quot;lb_max&quot;,&quot;t&quot;:&quot;Zoom klient&quot;,&quot;ajax&quot;:&quot;yes&quot;,&quot;ajax_type&quot;:&quot;endpoint&quot;,&quot;ajax_action&quot;:&quot;eventon_get_tax_card_content&quot;,&quot;end&quot;:&quot;client&quot;,&quot;d&quot;:{&quot;lang&quot;:&quot;L1&quot;,&quot;term_id&quot;:49,&quot;tax&quot;:&quot;event_location&quot;,&quot;load_lbcontent&quot;:true}}\" >Teised s\u00fcndmused<i class='fa fa-chevron-right'><\/i><\/span><\/div><\/div>\n\t\t\n\t<\/div><\/div><\/div><div class='evocard_row'><div id='event_addtocal' class='evocard_box addtocal' data-c='' \n\t\t\t\t\tstyle=''><div class='evo_metarow_ICS evorow evcal_evdata_row'>\n\t\t\t\t\t\t\t\t\t<span class='evcal_evdata_icons'><i class='fa fa-calendar-o'><\/i><\/span>\n\t\t\t\t\t\t\t\t\t<div class='evcal_evdata_cell'>\n\t\t\t\t\t\t\t\t\t\t<p><a href='https:\/\/www.kaasikkoolitus.eu\/web\/wp-admin\/admin-ajax.php?action=eventon_ics_download&event_id=5799&ri=0&nonce=0b43dd734a' class='evo_ics_nCal' title='Lisa oma kalendrisse'>Kalender<\/a><a href='\/\/www.google.com\/calendar\/event?action=TEMPLATE&amp;text=Toiduh%C3%BCgieeni+koolitus&amp;dates=20260604T100000Z\/20260604T160000Z&amp;ctz=UTC&amp;details=Toiduh%C3%BCgieeni+koolitus&amp;location=Zoom+klientZoom.us' target='_blank' class='evo_ics_gCal' title='Lisa Googli kalendrisse'>Googli kalender<\/a><\/p>\t\n\t\t\t\t\t\t\t\t\t<\/div>\n\t\t\t\t\t\t\t\t<\/div><\/div><\/div><div class='evocard_row'><div id='event_organizer' class='evocard_box organizer' data-c='' \n\t\t\t\t\tstyle=''><div class='evo_metarow_organizer evorow evcal_evdata_row evcal_evrow_sm '>\n\t\t<span class='evcal_evdata_icons'><i class='fa fa-headphones'><\/i><\/span>\n\t\t<div class='evcal_evdata_cell'>\t\t\t\t\t\t\t\n\t\t\t<h3 class='evo_h3'>Korraldaja<\/h3><div class='evo_evdata_cell_content evodfx evofx_ww evofx_dr_r evogap15'><div class='evo_card_organizer evofx_1'><h4 class='evo_h4 marb5'><span class='evo_card_organizer_name_t marb5'><a  href='https:\/\/www.kaasikkoolitus.eu'>Kaasik Koolitus O\u00dc<\/a><\/span><\/h4><p class='evo_card_organizer_more'><a class='evolb_trigger evo_btn_arr mart10' data-lbvals=\"{&quot;lbc&quot;:&quot;evo_organizer_lb&quot;,&quot;lbac&quot;:&quot;lb_max&quot;,&quot;preload_temp_key&quot;:&quot;preload_taxlb&quot;,&quot;t&quot;:&quot;Kaasik Koolitus O\\u00dc&quot;,&quot;ajax&quot;:&quot;yes&quot;,&quot;ajax_type&quot;:&quot;endpoint&quot;,&quot;ajax_action&quot;:&quot;eventon_get_tax_card_content&quot;,&quot;end&quot;:&quot;client&quot;,&quot;d&quot;:{&quot;eventid&quot;:5799,&quot;ri&quot;:0,&quot;term_id&quot;:29,&quot;tax&quot;:&quot;event_organizer&quot;,&quot;load_lbcontent&quot;:true}}\" >Loe lisaks<i class='fa fa-chevron-right'><\/i><\/a><\/p><\/div><\/div><\/div>\t<\/div><\/div><\/div><div class='evocard_row'><div id='event_gmap' class='evocard_box gmap' data-c='' \n\t\t\t\t\tstyle=''><div class='evo_metarow_gmap evcal_evdata_row evorow evcal_gmaps evc178056720069fb0bb681bae5799_gmap ' id='evc178056720069fb0bb681bae5799_gmap' style='max-width:none' data-address=\"Zoom.us\" data-latlng=\"\" data-location_type=\"\" data-scroll=\"yes\" data-mty=\"roadmap\" data-zoom=\"16\" data-mapIcon=\"\" data-delay=\"400\" data-map_canvas_id=\"evc178056720069fb0bb681bae5799_gmap\" >\n\t\t<span class='evo_map_load_out evoposr evodb evobr15'>\n\t\t<i class='fa fa-map-marker evoposa'><\/i><span class='evo_map_load evoposr evodb'>\t\t\t\t\t\n\t\t\t\t\t<i class='a'><\/i>\n\t\t\t\t\t<i class='b'><\/i>\n\t\t\t\t\t<i class='c'><\/i>\n\t\t\t\t\t<i class='d'><\/i>\n\t\t\t\t\t<i class='e'><\/i>\n\t\t\t\t\t<i class='f'><\/i>\n\t\t\t\t<\/span><\/span><\/div><\/div><\/div><div class='evocard_row'><div id='event_evorsvp' class='evocard_box evorsvp' data-c='' \n\t\t\t\t\tstyle=''><div class='evorow evcal_evdata_row evcal_evrow_sm evo_metarow_rsvp' ><div class='evors_jdata' data-j='{\"etitle\":\"Toiduh\\u00fcgieeni koolitus\",\"e_id\":5799,\"repeat_interval\":0,\"cap\":\"nocap\",\"true_cap\":\"nocap\",\"precap\":\"na\",\"uid\":\"na\",\"prefill\":false,\"lang\":\"L1\",\"incard\":\"no\",\"form_style\":\"def\",\"rsvpid\":null,\"rsvp\":null}'><\/div><span class='evcal_evdata_icons'><i class='fa fa-envelope'><\/i><\/span>\r\n\t\t\t\t\t\t\t<div class='evcal_evdata_cell'>\r\n\t\t\t\t\t\t\t\t<h3 class='evo_h3'>Registreerumine<\/h3><div class='evors_section evors_subtext'><p class='evo_data_val'>Registreerumiseks t\u00e4itke v\u00e4ljad!<\/p><\/div><div class='evors_eventcard_content'><div class='evors_section evors_user_text '><p>Anna oma osalemisest teada<\/p><\/div><div class='evoRS_status_option_selection evors_section sec_shade'><p class='evors_rsvp_choices sin'><span data-val='y' class='evors_choices one '>Jah soovin osaleda!<\/span><\/p><\/div>\t\t\t\t\t<div class=\"evors_incard_form\"><\/div>\r\n\t\t\t\t\t<div class='evors_information'><div class='evors_attendance_count_data evors_stat_data fx_ai_c'><div class='evors_section evors_remaining_spots sec_shade'><p class='evors_nocap_spaceleft remaining_count'><em class='space'>Avatud<\/em>Vabu kohti on veel<\/p><\/div><\/div><\/div><\/div><\/div><\/div><\/div><\/div><div class='evocard_row'><div id='event_getdirection' class='evocard_box getdirection' data-c='' \n\t\t\t\t\tstyle=''><div class='evo_metarow_getDr evorow evcal_evdata_row evcal_evrow_sm getdirections'>\n\t\t<form action='https:\/\/maps.google.com\/maps' method='get' target='_blank'>\n\t\t\t<input type='hidden' name='daddr' value=\"Zoom.us\"\/> \n\t\t\t<div class='evo_get_direction_content evo_fx_dr_r evogap10'>\n\t\t\t\t<span class='evogetdir_header evodfx evofx_dr_r evofx_ai_c marr10'>\n\t\t\t\t\t<i class='mainicon fa fa-road'><\/i> \n\t\t\t\t\t<h3 class='evo_h3' style='padding-bottom:5px;'>Vali suunad<\/h3>\n\t\t\t\t<\/span>\n\t\t\t\t<span class='evogetdir_field evodfx evofx_1_1 evo_fx_dr_c evow100p'>\t\t\t\t\t\n\t\t\t\t\t<input class='evoInput evotac' type='text' name='saddr' placeholder='Sisestage aadress' value='' style='margin:10px 0;'\/>\n\t\t\t\t<\/span>\n\t\t\t\t<button type='submit' class='evo_get_direction_button evo_btn_arr_circ dfx fx_ai_c' title='Klikkige suunajuhiste saamiseks'><i class='fa fa-chevron-right'><\/i> <\/button>\n\t\t\t<\/div>\n\t\t<\/form>\n\t<\/div><\/div><\/div><div class='evo_card_row_end evcal_close' title='Sulge'><\/div><\/div><div class='clear end'><\/div><\/div><\/div><div class='evcal_month_line' data-d='eml_7_2026' data-su='1782864000'><p>juuli<\/p><\/div><div class='sep_month_events no_event' data-d='eml_7_2026'><div class='eventon_list_event no_events'><p class='no_events' >Pole s\u00fcndusi<\/p><\/div><\/div>\t\t\t<\/div>\r\n\t\t\t<\/div><!-- evo_events_list_box -->\t\r\n\t\t\t<div class='clear'><\/div>\r\n\t\t\t\t\t \t<div id='evcal_footer' class='evo_bottom' style='display:none'>\r\n\t\t \t\t<div class='evo_cal_data' data-sc=\"{&quot;accord&quot;:&quot;yes&quot;,&quot;bottom_nav&quot;:&quot;no&quot;,&quot;cal_id&quot;:&quot;&quot;,&quot;cal_init_nonajax&quot;:&quot;no&quot;,&quot;calendar_type&quot;:&quot;list&quot;,&quot;ep_fields&quot;:&quot;&quot;,&quot;etc_override&quot;:&quot;no&quot;,&quot;evc_open&quot;:&quot;no&quot;,&quot;event_count&quot;:0,&quot;event_location&quot;:&quot;49&quot;,&quot;event_order&quot;:&quot;ASC&quot;,&quot;event_organizer&quot;:&quot;all&quot;,&quot;event_parts&quot;:&quot;no&quot;,&quot;event_past_future&quot;:&quot;all&quot;,&quot;event_status&quot;:&quot;all&quot;,&quot;event_tag&quot;:&quot;all&quot;,&quot;event_type&quot;:&quot;9&quot;,&quot;event_type_2&quot;:&quot;all&quot;,&quot;event_type_3&quot;:&quot;all&quot;,&quot;event_type_4&quot;:&quot;all&quot;,&quot;event_type_5&quot;:&quot;all&quot;,&quot;event_virtual&quot;:&quot;all&quot;,&quot;eventtop_date_style&quot;:0,&quot;eventtop_style&quot;:&quot;0&quot;,&quot;exp_jumper&quot;:&quot;yes&quot;,&quot;exp_so&quot;:&quot;no&quot;,&quot;filter_relationship&quot;:&quot;AND&quot;,&quot;filter_show_set_only&quot;:&quot;no&quot;,&quot;filter_style&quot;:&quot;default&quot;,&quot;filter_type&quot;:&quot;default&quot;,&quot;filters&quot;:&quot;yes&quot;,&quot;fixed_month&quot;:&quot;5&quot;,&quot;fixed_year&quot;:&quot;2026&quot;,&quot;focus_end_date_range&quot;:&quot;1785542399&quot;,&quot;focus_start_date_range&quot;:&quot;1777593600&quot;,&quot;ft_event_priority&quot;:&quot;no&quot;,&quot;hide_arrows&quot;:&quot;no&quot;,&quot;hide_cancels&quot;:&quot;no&quot;,&quot;hide_empty_months&quot;:&quot;no&quot;,&quot;hide_end_time&quot;:&quot;no&quot;,&quot;hide_et_dn&quot;:&quot;no&quot;,&quot;hide_et_extra&quot;:&quot;no&quot;,&quot;hide_et_tags&quot;:&quot;no&quot;,&quot;hide_et_tl&quot;:&quot;no&quot;,&quot;hide_ft&quot;:&quot;no&quot;,&quot;hide_ft_img&quot;:&quot;no&quot;,&quot;hide_month_headers&quot;:&quot;no&quot;,&quot;hide_mult_occur&quot;:&quot;no&quot;,&quot;hide_past&quot;:&quot;no&quot;,&quot;hide_past_by&quot;:&quot;ee&quot;,&quot;hide_so&quot;:&quot;no&quot;,&quot;ics&quot;:&quot;no&quot;,&quot;jumper&quot;:&quot;yes&quot;,&quot;jumper_count&quot;:5,&quot;jumper_offset&quot;:&quot;2&quot;,&quot;lang&quot;:&quot;L1&quot;,&quot;layout_changer&quot;:&quot;no&quot;,&quot;livenow_bar&quot;:&quot;yes&quot;,&quot;mapformat&quot;:&quot;roadmap&quot;,&quot;mapiconurl&quot;:&quot;&quot;,&quot;maps_load&quot;:&quot;yes&quot;,&quot;mapscroll&quot;:&quot;true&quot;,&quot;mapzoom&quot;:&quot;16&quot;,&quot;members_only&quot;:&quot;no&quot;,&quot;ml_priority&quot;:&quot;no&quot;,&quot;ml_toend&quot;:&quot;no&quot;,&quot;month_incre&quot;:&quot;0&quot;,&quot;number_of_months&quot;:&quot;3&quot;,&quot;only_ft&quot;:&quot;no&quot;,&quot;pec&quot;:&quot;&quot;,&quot;rss&quot;:&quot;no&quot;,&quot;s&quot;:&quot;&quot;,&quot;search&quot;:&quot;&quot;,&quot;search_all&quot;:&quot;no&quot;,&quot;sep_month&quot;:&quot;yes&quot;,&quot;show_et_ft_img&quot;:&quot;no&quot;,&quot;show_limit&quot;:&quot;no&quot;,&quot;show_limit_ajax&quot;:&quot;no&quot;,&quot;show_limit_paged&quot;:1,&quot;show_limit_redir&quot;:&quot;&quot;,&quot;show_repeats&quot;:&quot;no&quot;,&quot;show_rsvp&quot;:&quot;no&quot;,&quot;show_search&quot;:&quot;no&quot;,&quot;show_upcoming&quot;:0,&quot;show_year&quot;:&quot;no&quot;,&quot;social_share&quot;:&quot;no&quot;,&quot;sort_by&quot;:&quot;sort_date&quot;,&quot;tile_bg&quot;:0,&quot;tile_bg_size&quot;:&quot;full&quot;,&quot;tile_count&quot;:2,&quot;tile_height&quot;:0,&quot;tile_style&quot;:0,&quot;tiles&quot;:&quot;no&quot;,&quot;ux_val&quot;:&quot;1&quot;,&quot;view_switcher&quot;:&quot;no&quot;,&quot;wpml_l1&quot;:&quot;&quot;,&quot;wpml_l2&quot;:&quot;&quot;,&quot;wpml_l3&quot;:&quot;&quot;,&quot;yl_priority&quot;:&quot;no&quot;,&quot;yl_toend&quot;:&quot;no&quot;,&quot;fixed_day&quot;:&quot;6&quot;,&quot;_cver&quot;:&quot;4.6.3&quot;}\" data-filter_data=\"[]\" data-nav_data=\"{&quot;month_title&quot;:&quot;&lt;p id=&#039;evcal_cur&#039; class=&#039;evo_month_title padr10&#039;&gt; mai 2026&lt;\\\/p&gt;&quot;,&quot;arrows&quot;:&quot;&lt;p class=&#039;evo_arrows&#039;&gt;\\r\\n\\t\\t\\t\\t\\t&lt;span id=&#039;evcal_prev&#039; class=&#039;evcal_arrows evcal_btn_prev evodfx evofx_jc_c evofx_ai_c&#039; &gt;&lt;i class=&#039;fa fa-chevron-left&#039;&gt;&lt;\\\/i&gt;&lt;\\\/span&gt;\\r\\n\\t\\t\\t\\t\\t&lt;span id=&#039;evcal_next&#039; class=&#039;evcal_arrows evo_arrow_next evcal_btn_next evodfx evofx_jc_c evofx_ai_c&#039; &gt;&lt;i class=&#039;fa fa-chevron-right&#039;&gt;&lt;\\\/i&gt;&lt;\\\/span&gt;\\r\\n\\t\\t\\t\\t\\t&lt;\\\/p&gt;&quot;}\" data-od=\"{&quot;lang_no_events&quot;:&quot;Pole s\\u00fcndusi&quot;,&quot;cal_tz_offset&quot;:0,&quot;cal_tz&quot;:&quot;UTC&quot;}\" ><\/div>\r\n\t\t \t\t<div class='evo_cal_events' data-events=\"\"><\/div>\r\n\t\t \t<\/div>\r\n\t\t\t\t\r\n\t\t\t\r\n\t\t\t\t\t\t<\/div><!-- EventON End -->\r\n\t\t\t\n<div data-olk-copy-source=\"MessageBody\">\n<p class=\"paragraph_style_2\"><strong>Lektor:<\/strong><\/p>\n<p class=\"paragraph_style_3\">Pikaajalise kogemuse ja mitmeaastase staaziga toiduk\u00e4itlejate koolitaja\/konsultant \u00dclle Kaasik, tunnistuse nr III 158\/2007. Koolitused \u00fcle Eesti, nii avalikud kui firmasisesed igal Teile sobival ajal ja kohas!<\/p>\n<p class=\"paragraph_style_2\"><strong>K\u00e4sitletavad teemad:<\/strong><\/p>\n<ul>\n<li class=\"paragraph_style_2\">toiduh\u00fcgieeni p\u00f5him\u00f5tted<\/li>\n<li class=\"paragraph_style_4\">mikroorganismid ning nende kasvu ja paljunemist m\u00f5jutavad tegurid<\/li>\n<li class=\"paragraph_style_4\">toiduainete kaudu levivad haigused, toidum\u00fcrgitused ja \u2013infektsioonid<\/li>\n<li class=\"paragraph_style_4\">toidu f\u00fc\u00fcsikaline, keemiline ja mikrobioloogiline saastumine ja selle v\u00e4ltimine<\/li>\n<li class=\"paragraph_style_4\">toidu s\u00e4ilitamise viisid ja tingimused ning temperatuuri kontroll<\/li>\n<li class=\"paragraph_style_4\">k\u00e4itlemisettev\u00f5tte struktuur, tehnoloogia ja seadmed<\/li>\n<li class=\"paragraph_style_4\">puhastamine ja desinfitseerimine<\/li>\n<li class=\"paragraph_style_4\">kahjurit\u00f5rje<\/li>\n<li class=\"paragraph_style_4\">isiklik h\u00fcgieen<\/li>\n<li class=\"paragraph_style_4\">HACCP p\u00f5him\u00f5tted<\/li>\n<li class=\"paragraph_style_4\">toitu k\u00e4sitlevad \u00f5igusaktid<\/li>\n<li class=\"paragraph_style_4\">toitu k\u00e4itleva t\u00f6\u00f6taja kohustused ja vastutus toiduh\u00fcgieenin\u00f5uete t\u00e4itmise eest vastavalt t\u00f6\u00f6\u00fclesannetele<\/li>\n<\/ul>\n<\/div>\n<div data-olk-copy-source=\"MessageBody\"><\/div>\n<div data-olk-copy-source=\"MessageBody\"><strong>\u00d5piv\u00e4ljundid<\/strong><\/div>\n<div>\n<p class=\"x_MsoNormal\"><b>Koolituse l\u00e4binu:<\/b><\/p>\n<ul>\n<li class=\"x_MsoNormal\">teab toiduk\u00e4itleja kohustusi ja vastutust ning oskab toiduk\u00e4itlemise ettev\u00f5ttes vastavalt k\u00e4ituda-\u00a0\u00a0\u00a0\u00a0\u00a0\u00a0\u00a0\u00a0\u00a0\u00a0oskab v\u00e4ltida toiduainete kaudu levivaid haigusi, toidum\u00fcrgitusi, -nfektsioone, toidu f\u00fc\u00fcsikalist, keemilist ja mikrobioloogilist saastumist<\/li>\n<li class=\"x_MsoNormal\">tunneb toidu s\u00e4ilitamise viise ja tingimusi ning toiduvalmistamisprotsessiga seotud n\u00f5udeid sulatamisel, kuumt\u00f6\u00f6tlemisel, jahutamisel, s\u00e4ilitamisel, serveerimisel<\/li>\n<li class=\"x_MsoNormal\">oskab j\u00e4lgida allergeenide kasutamist toidus-\u00a0\u00a0\u00a0\u00a0\u00a0\u00a0\u00a0\u00a0\u00a0\u00a0oskab kinni pidada toiduk\u00e4itlemisettev\u00f5tte t\u00f6\u00f6taja isiklikest h\u00fcgieenin\u00f5uetest, juhindub toitu k\u00e4itlevatest \u00f5igusaktidest ning teab enesekontrolli (HACCP) p\u00f5him\u00f5tteid<\/li>\n<\/ul>\n<p class=\"x_MsoNormal\"><b>\u00d5piv\u00e4ljundite saavutamist hinnatakse kirjaliku testiga.<\/b><\/p>\n<p class=\"x_MsoNormal\"><b>Test loetakse sooritatuks kui \u00f5igesti on vastatud v\u00e4hemalt 75% ja edukalt testile vastanutele v\u00e4ljastatakse tunnistus.<\/b><\/p>\n<p><strong>Koolituse kava<\/strong><\/p>\n<ul>\n<li>10.00 &#8211; 11.30 loeng<\/li>\n<li>11.30 &#8211; 11.45 kohvipaus<\/li>\n<li>11.45 &#8211;\u00a013.15 loeng<\/li>\n<li>13.15\u00a0&#8211; 13.45\u00a0 l\u00f5una<\/li>\n<li>13.45\u00a0 &#8211; 15.00 loeng + testi t\u00e4itmine<\/li>\n<li>Tunnistuste v\u00e4ljastamine<\/li>\n<\/ul>\n<\/div>\n","protected":false},"excerpt":{"rendered":"<div data-animation=\"rubberBand\" data-icons-animation=\"no-animation\" data-overlay=\"on\" data-change-size=\"\" data-button-size=\"0.7\" style=\"font-size:0.7em!important;display:none;\" class=\"supsystic-social-sharing supsystic-social-sharing-package-flat supsystic-social-sharing-hide-on-homepage supsystic-social-sharing-spacing supsystic-social-sharing-content supsystic-social-sharing-content-align-right\" data-text=\"\"><a data-networks=\"[]\" class=\"social-sharing-button sharer-flat sharer-flat-1 counter-standard without-counter facebook\" target=\"_blank\" title=\"Facebook\" href=\"http:\/\/www.facebook.com\/sharer.php?u=https%3A%2F%2Fwww.kaasikkoolitus.eu%2Fweb%2Fevents%2Ftoiduhugieeni-koolitus-225%2F\" data-main-href=\"http:\/\/www.facebook.com\/sharer.php?u={url}\" data-nid=\"1\" data-name=\"\" data-pid=\"2\" data-post-id=\"5799\" data-url=\"https:\/\/www.kaasikkoolitus.eu\/web\/wp-admin\/admin-ajax.php\" rel=\"nofollow\" data-mailto=\"\"><i class=\"fa-ssbs fa-ssbs-fw fa-ssbs-facebook\"><\/i><div class=\"counter-wrap standard\"><span class=\"counter\">0<\/span><\/div><\/a><a data-networks=\"[]\" class=\"social-sharing-button sharer-flat sharer-flat-1 counter-standard without-counter print\" target=\"_blank\" title=\"Print\" href=\"#\" data-main-href=\"#\" data-nid=\"14\" data-name=\"\" data-pid=\"2\" data-post-id=\"5799\" data-url=\"https:\/\/www.kaasikkoolitus.eu\/web\/wp-admin\/admin-ajax.php\" rel=\"nofollow\" data-mailto=\"\"><i class=\"fa-ssbs fa-ssbs-fw fa-ssbs-print\"><\/i><div class=\"counter-wrap standard\"><span class=\"counter\">0<\/span><\/div><\/a><a data-networks=\"[]\" class=\"social-sharing-button sharer-flat sharer-flat-1 counter-standard without-counter mail\" target=\"_blank\" title=\"Mail\" href=\"#\" data-main-href=\"#\" data-nid=\"16\" data-name=\"\" data-pid=\"2\" data-post-id=\"5799\" data-url=\"https:\/\/www.kaasikkoolitus.eu\/web\/wp-admin\/admin-ajax.php\" rel=\"nofollow\" data-mailto=\"\"><i class=\"fa-ssbs fa-ssbs-fw fa-ssbs-envelope-o\"><\/i><div class=\"counter-wrap standard\"><span class=\"counter\">0<\/span><\/div><\/a><\/div>","protected":false},"author":1,"featured_media":0,"parent":0,"menu_order":0,"comment_status":"closed","ping_status":"closed","template":"","meta":{"om_disable_all_campaigns":false,"_monsterinsights_skip_tracking":false,"_monsterinsights_sitenote_active":false,"_monsterinsights_sitenote_note":"","_monsterinsights_sitenote_category":0,"jetpack_post_was_ever_published":false,"footnotes":""},"jetpack_sharing_enabled":true,"jetpack_shortlink":"https:\/\/wp.me\/P8vvDu-WA","jetpack-related-posts":[],"_links":{"self":[{"href":"https:\/\/www.kaasikkoolitus.eu\/web\/wp-json\/wp\/v2\/pages\/3632"}],"collection":[{"href":"https:\/\/www.kaasikkoolitus.eu\/web\/wp-json\/wp\/v2\/pages"}],"about":[{"href":"https:\/\/www.kaasikkoolitus.eu\/web\/wp-json\/wp\/v2\/types\/page"}],"author":[{"embeddable":true,"href":"https:\/\/www.kaasikkoolitus.eu\/web\/wp-json\/wp\/v2\/users\/1"}],"replies":[{"embeddable":true,"href":"https:\/\/www.kaasikkoolitus.eu\/web\/wp-json\/wp\/v2\/comments?post=3632"}],"version-history":[{"count":4,"href":"https:\/\/www.kaasikkoolitus.eu\/web\/wp-json\/wp\/v2\/pages\/3632\/revisions"}],"predecessor-version":[{"id":5215,"href":"https:\/\/www.kaasikkoolitus.eu\/web\/wp-json\/wp\/v2\/pages\/3632\/revisions\/5215"}],"wp:attachment":[{"href":"https:\/\/www.kaasikkoolitus.eu\/web\/wp-json\/wp\/v2\/media?parent=3632"}],"curies":[{"name":"wp","href":"https:\/\/api.w.org\/{rel}","templated":true}]}}