{"id":2578,"date":"2020-01-30T20:26:54","date_gmt":"2020-01-30T18:26:54","guid":{"rendered":"https:\/\/www.kaasikkoolitus.eu\/web\/?page_id=2578"},"modified":"2020-01-31T08:31:45","modified_gmt":"2020-01-31T06:31:45","slug":"kvaliteedi-tagamise-alused","status":"publish","type":"page","link":"https:\/\/www.kaasikkoolitus.eu\/web\/kvaliteedi-tagamise-alused\/","title":{"rendered":"Kvaliteedi tagamise alused"},"content":{"rendered":"<div data-animation=\"rubberBand\" data-icons-animation=\"no-animation\" data-overlay=\"on\" data-change-size=\"\" data-button-size=\"0.7\" style=\"font-size:0.7em!important;display:none;\" class=\"supsystic-social-sharing supsystic-social-sharing-package-flat supsystic-social-sharing-hide-on-homepage supsystic-social-sharing-spacing supsystic-social-sharing-content supsystic-social-sharing-content-align-right\" data-text=\"\"><a data-networks=\"[]\" class=\"social-sharing-button sharer-flat sharer-flat-1 counter-standard without-counter facebook\" target=\"_blank\" title=\"Facebook\" href=\"http:\/\/www.facebook.com\/sharer.php?u=https%3A%2F%2Fwww.kaasikkoolitus.eu%2Fweb%2Fkvaliteedi-tagamise-alused%2F\" data-main-href=\"http:\/\/www.facebook.com\/sharer.php?u={url}\" data-nid=\"1\" data-name=\"\" data-pid=\"2\" data-post-id=\"2578\" data-url=\"https:\/\/www.kaasikkoolitus.eu\/web\/wp-admin\/admin-ajax.php\" rel=\"nofollow\" data-mailto=\"\"><i class=\"fa-ssbs fa-ssbs-fw fa-ssbs-facebook\"><\/i><div class=\"counter-wrap standard\"><span class=\"counter\">0<\/span><\/div><\/a><a data-networks=\"[]\" class=\"social-sharing-button sharer-flat sharer-flat-1 counter-standard without-counter print\" target=\"_blank\" title=\"Print\" href=\"#\" data-main-href=\"#\" data-nid=\"14\" data-name=\"\" data-pid=\"2\" data-post-id=\"2578\" data-url=\"https:\/\/www.kaasikkoolitus.eu\/web\/wp-admin\/admin-ajax.php\" rel=\"nofollow\" data-mailto=\"\"><i class=\"fa-ssbs fa-ssbs-fw fa-ssbs-print\"><\/i><div class=\"counter-wrap standard\"><span class=\"counter\">0<\/span><\/div><\/a><a data-networks=\"[]\" class=\"social-sharing-button sharer-flat sharer-flat-1 counter-standard without-counter mail\" target=\"_blank\" title=\"Mail\" href=\"#\" data-main-href=\"#\" data-nid=\"16\" data-name=\"\" data-pid=\"2\" data-post-id=\"2578\" data-url=\"https:\/\/www.kaasikkoolitus.eu\/web\/wp-admin\/admin-ajax.php\" rel=\"nofollow\" data-mailto=\"\"><i class=\"fa-ssbs fa-ssbs-fw fa-ssbs-envelope-o\"><\/i><div class=\"counter-wrap standard\"><span class=\"counter\">0<\/span><\/div><\/a><\/div><p><strong>1. \u00dclds\u00e4tted<\/strong><br \/>\n1.1. Kaasik Koolitus O\u00dc (registrikood: 11967900) korraldab t\u00e4iskasvanutele suunatud t\u00f6\u00f6alast t\u00e4ienduskoolitust.<br \/>\n1.2. Koolitusasutus l\u00e4htub t\u00e4ienduskoolituse korraldamisel t\u00e4iskasvanuhariduse valdkonna kehtivatest \u00f5igusaktidest ning teistest t\u00e4ienduskoolitusega seonduvatest \u00f5igusaktidest ja dokumentidest.<\/p>\n<p><strong>2. \u00d5ppekavade kvaliteedi tagamine<\/strong><br \/>\n2.1. \u00d5ppekavade koostamisel l\u00e4htutakse t\u00e4iskasvanute koolituse seadusest, t\u00e4ienduskoolituse standardist ning<br \/>\nHaridus- ja Teadusministeeriumi poolt heaks kiidetud juhendmaterjalidest.<br \/>\n2.2. \u00d5ppekavas s\u00e4testatakse v\u00e4hemalt j\u00e4rgmised andmed:<br \/>\n2.2.1. \u00d5ppekava nimetus;<br \/>\n2.2.2. \u00d5ppekavar\u00fchm;<br \/>\n2.2.3. \u00d5piv\u00e4ljundid;<br \/>\n2.2.4. \u00d5pingute alustamise tingimused, juhul kui need on eeltingimuseks \u00f5piv\u00e4ljundite saavutamisel;<br \/>\n2.2.5. \u00d5ppe kogumaht, sealhulgas auditoorse, praktilise ja iseseisva t\u00f6\u00f6 osakaal;<br \/>\n2.2.6. \u00d5ppe sisu;<br \/>\n2.2.7. \u00d5ppekeskkonna kirjeldus;<br \/>\n2.2.8. \u00d5ppematerjalide loend, juhul kui \u00f5ppekava l\u00e4bimiseks on ette n\u00e4htud konkreetsed \u00f5ppematerjalid;<br \/>\n2.2.9. Koolituse l\u00e4biviimiseks vajaliku koolitajate kvalifikatsiooni, \u00f5pi- ja t\u00f6\u00f6kogemuse kirjeldus.<br \/>\n2.3. Koolituskeskuse poolt l\u00e4biviidavate koolituste \u00f5ppekavad avalikustatakse kodulehel.<br \/>\n2.4. \u00d5ppekava koostamisel l\u00e4htutakse konkreetse sihtgrupi vajadustest.<\/p>\n<p><strong>3. Koolitajate kvaliteedi tagamine<\/strong><br \/>\n3.1. Koolituskeskuse poolt kaasatud koolitajad peavad omama k\u00f5rgharidust ja\/v\u00f5i t\u00f6\u00f6kogemust \u00f5petataval erialal, mida nad on v\u00f5imelised t\u00f5estama ja valdavalt omama t\u00e4iskasvanute koolitaja kutset.<br \/>\n3.2. Koolitajate t\u00f6\u00f6 tulemust hinnatakse koolituse j\u00e4rgselt osalejate suulise ja kirjaliku tagasiside p\u00f5hjal.<\/p>\n<p><strong>4. \u00d5ppekeskkonna kvaliteedi tagamine<\/strong><br \/>\n4.1. K\u00f5ik kursused avaldatakse koolituskeskuse kodulehel enne kursuse toimumise algust.<br \/>\n4.2. Koolituse jooksul luuakse v\u00f5imalikult hea \u00f5ppimist toetav keskkond, samuti p\u00fc\u00fctakse grupid komplekteerida sarnaste \u00f5pivajaduste alusel.<br \/>\n4.3. K\u00f5ik koolitusele registreerunud saavad v\u00e4hemalt n\u00e4dal enne kursuse algust teabe koolituse t\u00e4pse<br \/>\nkorraldusliku poole kohta, \u00f5ppe ajakava, koolitusruumide jmt kohta.<br \/>\n4.4. Koolitused viiakse valdavalt l\u00e4bi kliendi poolt valitud ruumides ja renditud \u00f5ppet\u00f6\u00f6ks sobivates \u00f5ppeklassides. Kasutatavad ruumid vastavad tervisekaitse ja p\u00e4\u00e4steameti ning ligip\u00e4\u00e4setavuse n\u00f5uetele.<br \/>\n4.5. Igaks kursuseks valmistatakse ette \u00f5ppematerjal paberkandjal ja\/v\u00f5i vajadusel elektroonilisel andmekandjal.<br \/>\n4.6. K\u00f5igile osalejatele tagatakse v\u00f5imalus einestamiseks ja kohvipausiks.<br \/>\n4.7. Koolitusel osalejatele tagatakse interneti\u00fchenduse kasutamise v\u00f5imalus.<\/p>\n<p><strong>5. T\u00e4ienduskoolituse kohta tagasiside kogumine<\/strong><br \/>\n5.1. Kaasik Koolitus O\u00dc k\u00fcsib peale iga koolitust osalejatelt tagasisidet ja parandusettepanekuid.<br \/>\n5.2. Tagasisidet k\u00fcsitakse kirjalikult paberkandjal ja kodulehel on v\u00f5imalik t\u00e4ita ja saata tagasiside.<br \/>\n5.3. Tagasisidelehtede koondid saadetakse j\u00e4relduste tegemiseks koolituse tellijale ja koolitajatele.<br \/>\n5.4. Koolituse korraldamise eest vastutav t\u00f6\u00f6taja anal\u00fc\u00fcsib saadud tagasisidet ning vajadusel k\u00f5rvaldatakse<br \/>\npuudused j\u00e4rgmiseks koolituseks.<\/p>\n<p><strong>6. Koolituse eest tasumine<\/strong><br \/>\n6.1. Koolituse eest tasumine toimub arve alusel.<br \/>\n6.2. Arve v\u00e4ljastatakse osav\u00f5tjale peale registreerumise kinnituse saamist e-posti v\u00f5i posti teel.<br \/>\n6.3. Palume arve tasuda arvel m\u00e4rgitud t\u00e4htajaks, reeglina tuleb koolituse eest tasuda enne koolituse kuup\u00e4eva<br \/>\nsaabumist.<br \/>\n6.4. \u00d5ppetasust vabastamise otsustab koolitusasutuse juhatus ning sellekohase avaldusega palun p\u00f6\u00f6rduge<br \/>\naadressil: info@kaasikkoolitus.eu<\/p>\n<p><strong>7. Koolitusest loobumine<\/strong><br \/>\n7.1. Kui koolitusele registreerunul ei ole v\u00f5imalik koolitusest osa v\u00f5tta, tuleb sellest kirjalikult teavitada<br \/>\nkoolitusfirmat hiljemalt 2 t\u00f6\u00f6p\u00e4eva enne koolituse toimumist.<br \/>\n7.2. \u00d5igeaegsel teatamisel tagastatakse kliendi soovi korral 100% koolituse tasust v\u00f5i registreeritakse klient<br \/>\nj\u00e4rgmisele talle sobivale koolitusele.<br \/>\n7.3. Hilisemal loobumisel kui 2 t\u00f6\u00f6p\u00e4eva kuulub tasumisele 100% koolituse maksumusest.<\/p>\n<p><strong>8. Koolituse \u00e4raj\u00e4\u00e4mine v\u00f5i edasil\u00fckkumine<\/strong><br \/>\n8.1. Koolitusfirmal on koolitusgrupi mittet\u00e4itumisel \u00f5igus koolitus \u00e4ra j\u00e4tta v\u00f5i koolituse toimumist edasi l\u00fckata<br \/>\nkoolitusgrupi t\u00e4itumiseni.<br \/>\n8.2. Registreerunuid teavitatakse sellest telefoni v\u00f5i e-posti teel hiljemalt koolitusele eelneval t\u00f6\u00f6p\u00e4eval.<br \/>\n8.3. Koolituse \u00e4ra j\u00e4\u00e4misel makstakse koolitustasu tagasi t\u00e4ies ulatuses v\u00f5i tasarveldatakse, soovi korral, m\u00f5ne teise pakutava koolitusega.<\/p>\n","protected":false},"excerpt":{"rendered":"<div data-animation=\"rubberBand\" data-icons-animation=\"no-animation\" data-overlay=\"on\" data-change-size=\"\" data-button-size=\"0.7\" style=\"font-size:0.7em!important;display:none;\" class=\"supsystic-social-sharing supsystic-social-sharing-package-flat supsystic-social-sharing-hide-on-homepage supsystic-social-sharing-spacing supsystic-social-sharing-content supsystic-social-sharing-content-align-right\" data-text=\"\"><a data-networks=\"[]\" class=\"social-sharing-button sharer-flat sharer-flat-1 counter-standard without-counter facebook\" target=\"_blank\" title=\"Facebook\" href=\"http:\/\/www.facebook.com\/sharer.php?u=https%3A%2F%2Fwww.kaasikkoolitus.eu%2Fweb%2Fkvaliteedi-tagamise-alused%2F\" data-main-href=\"http:\/\/www.facebook.com\/sharer.php?u={url}\" data-nid=\"1\" data-name=\"\" data-pid=\"2\" data-post-id=\"2578\" data-url=\"https:\/\/www.kaasikkoolitus.eu\/web\/wp-admin\/admin-ajax.php\" rel=\"nofollow\" data-mailto=\"\"><i class=\"fa-ssbs fa-ssbs-fw fa-ssbs-facebook\"><\/i><div class=\"counter-wrap standard\"><span class=\"counter\">0<\/span><\/div><\/a><a data-networks=\"[]\" class=\"social-sharing-button sharer-flat sharer-flat-1 counter-standard without-counter print\" target=\"_blank\" title=\"Print\" href=\"#\" data-main-href=\"#\" data-nid=\"14\" data-name=\"\" data-pid=\"2\" data-post-id=\"2578\" data-url=\"https:\/\/www.kaasikkoolitus.eu\/web\/wp-admin\/admin-ajax.php\" rel=\"nofollow\" data-mailto=\"\"><i class=\"fa-ssbs fa-ssbs-fw fa-ssbs-print\"><\/i><div class=\"counter-wrap standard\"><span class=\"counter\">0<\/span><\/div><\/a><a data-networks=\"[]\" class=\"social-sharing-button sharer-flat sharer-flat-1 counter-standard without-counter mail\" target=\"_blank\" title=\"Mail\" href=\"#\" data-main-href=\"#\" data-nid=\"16\" data-name=\"\" data-pid=\"2\" data-post-id=\"2578\" data-url=\"https:\/\/www.kaasikkoolitus.eu\/web\/wp-admin\/admin-ajax.php\" rel=\"nofollow\" data-mailto=\"\"><i class=\"fa-ssbs fa-ssbs-fw fa-ssbs-envelope-o\"><\/i><div class=\"counter-wrap standard\"><span class=\"counter\">0<\/span><\/div><\/a><\/div><p>1. \u00dclds\u00e4tted 1.1. Kaasik Koolitus O\u00dc (registrikood: 11967900) korraldab t\u00e4iskasvanutele suunatud t\u00f6\u00f6alast t\u00e4ienduskoolitust. 1.2. Koolitusasutus l\u00e4htub t\u00e4ienduskoolituse korraldamisel t\u00e4iskasvanuhariduse valdkonna kehtivatest \u00f5igusaktidest ning teistest t\u00e4ienduskoolitusega seonduvatest \u00f5igusaktidest ja dokumentidest. 2. \u00d5ppekavade kvaliteedi tagamine 2.1. \u00d5ppekavade koostamisel l\u00e4htutakse t\u00e4iskasvanute koolituse seadusest, t\u00e4ienduskoolituse standardist ning Haridus- ja Teadusministeeriumi poolt heaks kiidetud juhendmaterjalidest. 2.2. \u00d5ppekavas s\u00e4testatakse v\u00e4hemalt j\u00e4rgmised [&hellip;]<\/p>\n","protected":false},"author":1,"featured_media":0,"parent":0,"menu_order":0,"comment_status":"closed","ping_status":"closed","template":"","meta":{"om_disable_all_campaigns":false,"_monsterinsights_skip_tracking":false,"_monsterinsights_sitenote_active":false,"_monsterinsights_sitenote_note":"","_monsterinsights_sitenote_category":0,"jetpack_post_was_ever_published":false,"footnotes":""},"jetpack_sharing_enabled":true,"jetpack_shortlink":"https:\/\/wp.me\/P8vvDu-FA","jetpack-related-posts":[],"_links":{"self":[{"href":"https:\/\/www.kaasikkoolitus.eu\/web\/wp-json\/wp\/v2\/pages\/2578"}],"collection":[{"href":"https:\/\/www.kaasikkoolitus.eu\/web\/wp-json\/wp\/v2\/pages"}],"about":[{"href":"https:\/\/www.kaasikkoolitus.eu\/web\/wp-json\/wp\/v2\/types\/page"}],"author":[{"embeddable":true,"href":"https:\/\/www.kaasikkoolitus.eu\/web\/wp-json\/wp\/v2\/users\/1"}],"replies":[{"embeddable":true,"href":"https:\/\/www.kaasikkoolitus.eu\/web\/wp-json\/wp\/v2\/comments?post=2578"}],"version-history":[{"count":4,"href":"https:\/\/www.kaasikkoolitus.eu\/web\/wp-json\/wp\/v2\/pages\/2578\/revisions"}],"predecessor-version":[{"id":2614,"href":"https:\/\/www.kaasikkoolitus.eu\/web\/wp-json\/wp\/v2\/pages\/2578\/revisions\/2614"}],"wp:attachment":[{"href":"https:\/\/www.kaasikkoolitus.eu\/web\/wp-json\/wp\/v2\/media?parent=2578"}],"curies":[{"name":"wp","href":"https:\/\/api.w.org\/{rel}","templated":true}]}}